{"id":510,"date":"2026-02-16T13:28:06","date_gmt":"2026-02-16T12:28:06","guid":{"rendered":"https:\/\/escila.ch\/remi\/?page_id=510"},"modified":"2026-02-17T09:25:33","modified_gmt":"2026-02-17T08:25:33","slug":"confidentialite","status":"publish","type":"page","link":"https:\/\/escila.ch\/remi\/confidentialite\/","title":{"rendered":"Politique de confidentialit\u00e9"},"content":{"rendered":"\n<div style=\"height:80px\" aria-hidden=\"true\" class=\"wp-block-spacer\"><\/div>\n\n\n<h1 style=\"padding-top:0;padding-bottom:var(--wp--preset--spacing--50);\" class=\"wp-block-post-title has-xx-large-font-size\">Politique de confidentialit\u00e9<\/h1>\n\n\n<p class=\"has-x-large-font-size\"><strong>Qui sommes-nous ?<\/strong><\/p>\n\n\n\n<p>Association des \u00e9coles de musique Valaisanne<br>Route du Rawil 47, 1950 Sion<br>Valais, Suisse<br><a href=\"https:\/\/aem-vs.ch\/\" target=\"_blank\" rel=\"noreferrer noopener\">https:\/\/aem-vs.ch<\/a><\/p>\n\n\n\n<p><\/p>\n\n\n\n<p class=\"has-x-large-font-size\"><strong>Utilisation et transmission de vos donn\u00e9es personnelles<\/strong><\/p>\n\n\n\n<p>Lorsque vous nous contactez via le formulaire de contact, les informations que vous fournissez (nom, adresse e-mail, message, etc.) ainsi que votre adresse IP peuvent \u00eatre enregistr\u00e9es dans notre base de donn\u00e9es.<br>Ces donn\u00e9es sont utilis\u00e9es uniquement afin de r\u00e9pondre \u00e0 votre demande ou de vous recontacter.<br>Elles sont accessibles uniquement aux collaborateurs autoris\u00e9s d\u2019AEM-VS et&nbsp;<strong>ne sont pas transmises \u00e0 des tiers<\/strong>.<\/p>\n\n\n\n<p><\/p>\n\n\n\n<p class=\"has-x-large-font-size\"><strong>Dur\u00e9e de conservation des donn\u00e9es<\/strong><\/p>\n\n\n\n<p>Les donn\u00e9es re\u00e7ues via le formulaire de contact sont conserv\u00e9es aussi longtemps que n\u00e9cessaire pour le suivi de votre demande, sauf demande contraire de votre part.<br>Pass\u00e9 ce d\u00e9lai, elles peuvent \u00eatre supprim\u00e9es de nos syst\u00e8mes.<\/p>\n\n\n\n<p><\/p>\n\n\n\n<p class=\"has-x-large-font-size\"><strong>Vos droits sur vos donn\u00e9es<\/strong><\/p>\n\n\n\n<p>Vous pouvez demander \u00e0 tout moment :<\/p>\n\n\n\n<ul class=\"wp-block-list\">\n<li>d\u2019obtenir une copie des donn\u00e9es personnelles que nous d\u00e9tenons \u00e0 votre sujet,<\/li>\n\n\n\n<li>de rectifier ou de mettre \u00e0 jour celles-ci,<\/li>\n\n\n\n<li>ou d\u2019en demander la suppression.<\/li>\n<\/ul>\n\n\n\n<p>Ces demandes peuvent \u00eatre effectu\u00e9es en nous contactant \u00e0 l\u2019adresse e-mail indiqu\u00e9e sur notre site. Certaines donn\u00e9es peuvent \u00eatre conserv\u00e9es pour des raisons l\u00e9gales, administratives ou de s\u00e9curit\u00e9.<\/p>\n\n\n\n<p><strong>O\u00f9 vos donn\u00e9es sont stock\u00e9es<\/strong><\/p>\n\n\n\n<p>Toutes les donn\u00e9es collect\u00e9es sont stock\u00e9es sur des serveurs s\u00e9curis\u00e9s situ\u00e9s en Suisse et&nbsp;<strong>ne sont pas transf\u00e9r\u00e9es \u00e0 l\u2019\u00e9tranger<\/strong>.<\/p>\n\n\n\n<div style=\"height:79px\" aria-hidden=\"true\" class=\"wp-block-spacer\"><\/div>\n","protected":false},"excerpt":{"rendered":"<p>Qui sommes-nous ? Association des \u00e9coles de musique ValaisanneRoute du Rawil 47, 1950 SionValais, Suissehttps:\/\/aem-vs.ch Utilisation et transmission de vos donn\u00e9es personnelles Lorsque vous nous contactez via le formulaire de contact, les informations que vous fournissez (nom, adresse e-mail, message, etc.) ainsi que votre adresse IP peuvent \u00eatre enregistr\u00e9es dans notre base de donn\u00e9es.Ces donn\u00e9es [&hellip;]<\/p>\n","protected":false},"author":1,"featured_media":0,"parent":0,"menu_order":0,"comment_status":"closed","ping_status":"closed","template":"","meta":{"footnotes":""},"class_list":["post-510","page","type-page","status-publish","hentry"],"yoast_head":"<!-- This site is optimized with the Yoast SEO plugin v27.5 - https:\/\/yoast.com\/product\/yoast-seo-wordpress\/ -->\n<title>Politique de confidentialit\u00e9 - AEM-WMS<\/title>\n<meta name=\"robots\" content=\"index, follow, max-snippet:-1, max-image-preview:large, max-video-preview:-1\" \/>\n<link rel=\"canonical\" href=\"https:\/\/escila.ch\/remi\/confidentialite\/\" \/>\n<meta property=\"og:locale\" content=\"fr_FR\" \/>\n<meta property=\"og:type\" content=\"article\" \/>\n<meta property=\"og:title\" content=\"Politique de confidentialit\u00e9 - AEM-WMS\" \/>\n<meta property=\"og:description\" content=\"Qui sommes-nous ? Association des \u00e9coles de musique ValaisanneRoute du Rawil 47, 1950 SionValais, Suissehttps:\/\/aem-vs.ch Utilisation et transmission de vos donn\u00e9es personnelles Lorsque vous nous contactez via le formulaire de contact, les informations que vous fournissez (nom, adresse e-mail, message, etc.) ainsi que votre adresse IP peuvent \u00eatre enregistr\u00e9es dans notre base de donn\u00e9es.Ces donn\u00e9es [&hellip;]\" \/>\n<meta property=\"og:url\" content=\"https:\/\/escila.ch\/remi\/confidentialite\/\" \/>\n<meta property=\"og:site_name\" content=\"AEM-WMS\" \/>\n<meta property=\"article:modified_time\" content=\"2026-02-17T08:25:33+00:00\" \/>\n<meta name=\"twitter:card\" content=\"summary_large_image\" \/>\n<meta name=\"twitter:label1\" content=\"Dur\u00e9e de lecture estim\u00e9e\" \/>\n\t<meta name=\"twitter:data1\" content=\"2 minutes\" \/>\n<script type=\"application\/ld+json\" class=\"yoast-schema-graph\">{\"@context\":\"https:\\\/\\\/schema.org\",\"@graph\":[{\"@type\":\"WebPage\",\"@id\":\"https:\\\/\\\/escila.ch\\\/remi\\\/confidentialite\\\/\",\"url\":\"https:\\\/\\\/escila.ch\\\/remi\\\/confidentialite\\\/\",\"name\":\"Politique de confidentialit\u00e9 - AEM-WMS\",\"isPartOf\":{\"@id\":\"https:\\\/\\\/escila.ch\\\/remi\\\/#website\"},\"datePublished\":\"2026-02-16T12:28:06+00:00\",\"dateModified\":\"2026-02-17T08:25:33+00:00\",\"breadcrumb\":{\"@id\":\"https:\\\/\\\/escila.ch\\\/remi\\\/confidentialite\\\/#breadcrumb\"},\"inLanguage\":\"fr-FR\",\"potentialAction\":[{\"@type\":\"ReadAction\",\"target\":[\"https:\\\/\\\/escila.ch\\\/remi\\\/confidentialite\\\/\"]}]},{\"@type\":\"BreadcrumbList\",\"@id\":\"https:\\\/\\\/escila.ch\\\/remi\\\/confidentialite\\\/#breadcrumb\",\"itemListElement\":[{\"@type\":\"ListItem\",\"position\":1,\"name\":\"Accueil\",\"item\":\"https:\\\/\\\/escila.ch\\\/remi\\\/\"},{\"@type\":\"ListItem\",\"position\":2,\"name\":\"Politique de confidentialit\u00e9\"}]},{\"@type\":\"WebSite\",\"@id\":\"https:\\\/\\\/escila.ch\\\/remi\\\/#website\",\"url\":\"https:\\\/\\\/escila.ch\\\/remi\\\/\",\"name\":\"AEM-VMS-VS\",\"description\":\"Association des \u00e9coles de musique Valaisanne\",\"publisher\":{\"@id\":\"https:\\\/\\\/escila.ch\\\/remi\\\/#organization\"},\"potentialAction\":[{\"@type\":\"SearchAction\",\"target\":{\"@type\":\"EntryPoint\",\"urlTemplate\":\"https:\\\/\\\/escila.ch\\\/remi\\\/?s={search_term_string}\"},\"query-input\":{\"@type\":\"PropertyValueSpecification\",\"valueRequired\":true,\"valueName\":\"search_term_string\"}}],\"inLanguage\":\"fr-FR\"},{\"@type\":\"Organization\",\"@id\":\"https:\\\/\\\/escila.ch\\\/remi\\\/#organization\",\"name\":\"Assocition des \u00c9coles de Musique Valaisanne\",\"url\":\"https:\\\/\\\/escila.ch\\\/remi\\\/\",\"logo\":{\"@type\":\"ImageObject\",\"inLanguage\":\"fr-FR\",\"@id\":\"https:\\\/\\\/escila.ch\\\/remi\\\/#\\\/schema\\\/logo\\\/image\\\/\",\"url\":\"https:\\\/\\\/escila.ch\\\/remi\\\/wp-content\\\/uploads\\\/2026\\\/02\\\/sansbaseline-logo-aem-vs-sans-serif-1536x905-1-e1771341847815.png\",\"contentUrl\":\"https:\\\/\\\/escila.ch\\\/remi\\\/wp-content\\\/uploads\\\/2026\\\/02\\\/sansbaseline-logo-aem-vs-sans-serif-1536x905-1-e1771341847815.png\",\"width\":1385,\"height\":665,\"caption\":\"Assocition des \u00c9coles de Musique Valaisanne\"},\"image\":{\"@id\":\"https:\\\/\\\/escila.ch\\\/remi\\\/#\\\/schema\\\/logo\\\/image\\\/\"},\"sameAs\":[\"https:\\\/\\\/www.youtube.com\\\/@AEM-VMS-VS\"]}]}<\/script>\n<!-- \/ Yoast SEO plugin. -->","yoast_head_json":{"title":"Politique de confidentialit\u00e9 - AEM-WMS","robots":{"index":"index","follow":"follow","max-snippet":"max-snippet:-1","max-image-preview":"max-image-preview:large","max-video-preview":"max-video-preview:-1"},"canonical":"https:\/\/escila.ch\/remi\/confidentialite\/","og_locale":"fr_FR","og_type":"article","og_title":"Politique de confidentialit\u00e9 - AEM-WMS","og_description":"Qui sommes-nous ? Association des \u00e9coles de musique ValaisanneRoute du Rawil 47, 1950 SionValais, Suissehttps:\/\/aem-vs.ch Utilisation et transmission de vos donn\u00e9es personnelles Lorsque vous nous contactez via le formulaire de contact, les informations que vous fournissez (nom, adresse e-mail, message, etc.) ainsi que votre adresse IP peuvent \u00eatre enregistr\u00e9es dans notre base de donn\u00e9es.Ces donn\u00e9es [&hellip;]","og_url":"https:\/\/escila.ch\/remi\/confidentialite\/","og_site_name":"AEM-WMS","article_modified_time":"2026-02-17T08:25:33+00:00","twitter_card":"summary_large_image","twitter_misc":{"Dur\u00e9e de lecture estim\u00e9e":"2 minutes"},"schema":{"@context":"https:\/\/schema.org","@graph":[{"@type":"WebPage","@id":"https:\/\/escila.ch\/remi\/confidentialite\/","url":"https:\/\/escila.ch\/remi\/confidentialite\/","name":"Politique de confidentialit\u00e9 - AEM-WMS","isPartOf":{"@id":"https:\/\/escila.ch\/remi\/#website"},"datePublished":"2026-02-16T12:28:06+00:00","dateModified":"2026-02-17T08:25:33+00:00","breadcrumb":{"@id":"https:\/\/escila.ch\/remi\/confidentialite\/#breadcrumb"},"inLanguage":"fr-FR","potentialAction":[{"@type":"ReadAction","target":["https:\/\/escila.ch\/remi\/confidentialite\/"]}]},{"@type":"BreadcrumbList","@id":"https:\/\/escila.ch\/remi\/confidentialite\/#breadcrumb","itemListElement":[{"@type":"ListItem","position":1,"name":"Accueil","item":"https:\/\/escila.ch\/remi\/"},{"@type":"ListItem","position":2,"name":"Politique de confidentialit\u00e9"}]},{"@type":"WebSite","@id":"https:\/\/escila.ch\/remi\/#website","url":"https:\/\/escila.ch\/remi\/","name":"AEM-VMS-VS","description":"Association des \u00e9coles de musique Valaisanne","publisher":{"@id":"https:\/\/escila.ch\/remi\/#organization"},"potentialAction":[{"@type":"SearchAction","target":{"@type":"EntryPoint","urlTemplate":"https:\/\/escila.ch\/remi\/?s={search_term_string}"},"query-input":{"@type":"PropertyValueSpecification","valueRequired":true,"valueName":"search_term_string"}}],"inLanguage":"fr-FR"},{"@type":"Organization","@id":"https:\/\/escila.ch\/remi\/#organization","name":"Assocition des \u00c9coles de Musique Valaisanne","url":"https:\/\/escila.ch\/remi\/","logo":{"@type":"ImageObject","inLanguage":"fr-FR","@id":"https:\/\/escila.ch\/remi\/#\/schema\/logo\/image\/","url":"https:\/\/escila.ch\/remi\/wp-content\/uploads\/2026\/02\/sansbaseline-logo-aem-vs-sans-serif-1536x905-1-e1771341847815.png","contentUrl":"https:\/\/escila.ch\/remi\/wp-content\/uploads\/2026\/02\/sansbaseline-logo-aem-vs-sans-serif-1536x905-1-e1771341847815.png","width":1385,"height":665,"caption":"Assocition des \u00c9coles de Musique Valaisanne"},"image":{"@id":"https:\/\/escila.ch\/remi\/#\/schema\/logo\/image\/"},"sameAs":["https:\/\/www.youtube.com\/@AEM-VMS-VS"]}]}},"_links":{"self":[{"href":"https:\/\/escila.ch\/remi\/wp-json\/wp\/v2\/pages\/510","targetHints":{"allow":["GET"]}}],"collection":[{"href":"https:\/\/escila.ch\/remi\/wp-json\/wp\/v2\/pages"}],"about":[{"href":"https:\/\/escila.ch\/remi\/wp-json\/wp\/v2\/types\/page"}],"author":[{"embeddable":true,"href":"https:\/\/escila.ch\/remi\/wp-json\/wp\/v2\/users\/1"}],"replies":[{"embeddable":true,"href":"https:\/\/escila.ch\/remi\/wp-json\/wp\/v2\/comments?post=510"}],"version-history":[{"count":11,"href":"https:\/\/escila.ch\/remi\/wp-json\/wp\/v2\/pages\/510\/revisions"}],"predecessor-version":[{"id":575,"href":"https:\/\/escila.ch\/remi\/wp-json\/wp\/v2\/pages\/510\/revisions\/575"}],"wp:attachment":[{"href":"https:\/\/escila.ch\/remi\/wp-json\/wp\/v2\/media?parent=510"}],"curies":[{"name":"wp","href":"https:\/\/api.w.org\/{rel}","templated":true}]}}