{"id":118,"date":"2026-02-04T13:08:24","date_gmt":"2026-02-04T12:08:24","guid":{"rendered":"https:\/\/escila.ch\/remi\/?page_id=118"},"modified":"2026-05-07T11:10:41","modified_gmt":"2026-05-07T09:10:41","slug":"jeunes-talents-musiques","status":"publish","type":"page","link":"https:\/\/escila.ch\/remi\/jeunes-talents-musiques\/","title":{"rendered":"Jeunes Talents Musiques"},"content":{"rendered":"\n<div style=\"height:50px\" aria-hidden=\"true\" class=\"wp-block-spacer\"><\/div>\n\n\n\n<div style=\"height:30px\" aria-hidden=\"true\" class=\"wp-block-spacer\"><\/div>\n\n\n\n<div class=\"wp-block-cover alignfull is-light\" style=\"margin-top:0;margin-bottom:0;padding-top:0;padding-right:0;padding-bottom:0;padding-left:0\"><span aria-hidden=\"true\" class=\"wp-block-cover__background has-background-dim-100 has-background-dim\" style=\"background-color:#ffffff\"><\/span><div class=\"wp-block-cover__inner-container has-global-padding is-layout-constrained wp-container-core-cover-is-layout-72190d31 wp-block-cover-is-layout-constrained\">\n<div class=\"wp-block-media-text alignwide is-stacked-on-mobile is-vertically-aligned-center is-image-fill-element\" style=\"margin-right:179px;margin-left:179px;padding-top:0;padding-bottom:0;grid-template-columns:41% auto\"><figure class=\"wp-block-media-text__media\"><img loading=\"lazy\" decoding=\"async\" width=\"1024\" height=\"575\" src=\"https:\/\/escila.ch\/remi\/wp-content\/uploads\/2026\/02\/Photo-6-1024x575.jpg\" alt=\"\" class=\"wp-image-221 size-full\" style=\"object-position:100% 62%\" srcset=\"https:\/\/escila.ch\/remi\/wp-content\/uploads\/2026\/02\/Photo-6-1024x575.jpg 1024w, https:\/\/escila.ch\/remi\/wp-content\/uploads\/2026\/02\/Photo-6-300x168.jpg 300w, https:\/\/escila.ch\/remi\/wp-content\/uploads\/2026\/02\/Photo-6-768x431.jpg 768w, https:\/\/escila.ch\/remi\/wp-content\/uploads\/2026\/02\/Photo-6-1536x863.jpg 1536w, https:\/\/escila.ch\/remi\/wp-content\/uploads\/2026\/02\/Photo-6.jpg 2048w\" sizes=\"auto, (max-width: 1024px) 100vw, 1024px\" \/><\/figure><div class=\"wp-block-media-text__content\">\n<h1 class=\"wp-block-heading has-text-color\" style=\"color:#000000;font-size:clamp(20px, 1.25rem + ((1vw - 3.2px) * 1.176), 32px);font-style:normal;font-weight:600\">Fais entendre ton talent <\/h1>\n\n\n\n<p class=\"has-text-color\" style=\"color:#000000;font-size:clamp(14px, 0.875rem + ((1vw - 3.2px) * 0.294), 17px);\">Tu es passionn\u00e9\u00b7e de musique et tu r\u00eaves de faire entendre ta voix ou ton instrument?<br>Le <strong>concours Jeunes Talents Valaisan Musique<\/strong> est fait pour toi.<\/p>\n\n\n\n<p class=\"has-medium-font-size\">Ouvert aux jeunes musiciennes et musiciens du Valais, ce concours est une <strong>opportunit\u00e9 unique<\/strong> de :<\/p>\n\n\n\n<ul class=\"wp-block-list\">\n<li class=\"has-medium-font-size\">te produire sur sc\u00e8ne,<\/li>\n\n\n\n<li class=\"has-medium-font-size\">rencontrer des professionnel\u00b7les du milieu musical,<\/li>\n\n\n\n<li class=\"has-medium-font-size\">gagner en visibilit\u00e9,<\/li>\n\n\n\n<li class=\"has-medium-font-size\">et vivre une exp\u00e9rience artistique enrichissante.<\/li>\n<\/ul>\n\n\n\n<p class=\"has-medium-font-size\">Que tu sois soliste ou en groupe, en formation classique, jazz ou musiques actuelles, <strong>ose te lancer<\/strong>.<br>Chaque talent m\u00e9rite d\u2019\u00eatre entendu.<\/p>\n\n\n\n<p class=\"has-text-color\" style=\"color:#000000;font-size:clamp(14px, 0.875rem + ((1vw - 3.2px) * 0.294), 17px);\"><strong>Les inscriptions sont ouvertes<\/strong><br>N\u2019attends plus : inscris-toi et fais partie de la nouvelle g\u00e9n\u00e9ration de talents musicaux valaisans.<\/p>\n\n\n\n<div class=\"wp-block-buttons is-layout-flex wp-block-buttons-is-layout-flex\">\n<div class=\"wp-block-button bouton1\"><a class=\"wp-block-button__link has-border-color has-accent-4-border-color wp-element-button\" href=\"https:\/\/escila.ch\/remi\/contact\/\" style=\"border-width:1px;box-shadow:var(--wp--preset--shadow--natural)\">Inscription 2027<\/a><\/div>\n<\/div>\n<\/div><\/div>\n<\/div><\/div>\n\n\n\n<div class=\"wp-block-group is-nowrap is-layout-flex wp-container-core-group-is-layout-6c531013 wp-block-group-is-layout-flex\">\n<div style=\"height:100px;width:0px\" aria-hidden=\"true\" class=\"wp-block-spacer wp-container-content-6388d5dc\"><\/div>\n<\/div>\n\n\n\n<div style=\"height:30px\" aria-hidden=\"true\" class=\"wp-block-spacer\"><\/div>\n\n\n\n<div class=\"wp-block-group alignfull is-style-section-5 has-global-padding is-layout-constrained wp-block-group-is-layout-constrained is-style-section-5--1\" style=\"margin-top:0;margin-bottom:0;padding-top:var(--wp--preset--spacing--50);padding-bottom:var(--wp--preset--spacing--50);box-shadow:var(--wp--preset--shadow--deep)\">\n<div class=\"wp-block-columns alignwide is-layout-flex wp-container-core-columns-is-layout-7ee84d44 wp-block-columns-is-layout-flex\">\n<div class=\"wp-block-column is-vertically-aligned-center is-layout-flow wp-block-column-is-layout-flow\" style=\"flex-basis:50%\">\n<h2 class=\"wp-block-heading\"><strong>\u00c0 propos de l\u2019\u00e9v\u00e8nement <\/strong><\/h2>\n\n\n\n<div class=\"wp-block-group has-global-padding is-layout-constrained wp-block-group-is-layout-constrained\">\n<p class=\"has-medium-font-size\">Le <strong>Concours Jeunes Talents Musique<\/strong> est un \u00e9v\u00e9nement annuel organis\u00e9 par l\u2019<strong>Association des \u00c9coles de Musique Valaisannes (AEM-VS)<\/strong>. Il a pour objectif de soutenir, encourager et valoriser les jeunes musiciennes et musiciens du canton en leur offrant une sc\u00e8ne d\u2019expression et de reconnaissance.<\/p>\n<\/div>\n\n\n\n<div class=\"wp-block-group has-global-padding is-layout-constrained wp-block-group-is-layout-constrained\">\n<p class=\"has-medium-font-size\">Ouvert \u00e0 une grande diversit\u00e9 de styles musicaux \u2014 <strong>musique classique, jazz, rock et musiques actuelles<\/strong> \u2014 le concours permet aux participants de pr\u00e9senter leur travail artistique devant un <strong>jury compos\u00e9 de professionnels du monde musical<\/strong>. Cette rencontre est \u00e0 la fois une exp\u00e9rience formatrice et une opportunit\u00e9 unique de se confronter aux exigences de la sc\u00e8ne.<\/p>\n<\/div>\n\n\n\n<div class=\"wp-block-group has-global-padding is-layout-constrained wp-block-group-is-layout-constrained\">\n<p class=\"has-medium-font-size\">Au-del\u00e0 de la comp\u00e9tition, le Concours Jeunes Talents Musique vise \u00e0 accompagner les jeunes artistes dans leur parcours en leur donnant acc\u00e8s \u00e0 des <strong>bourses de soutien<\/strong>, destin\u00e9es \u00e0 favoriser leur formation et leur d\u00e9veloppement artistique.<\/p>\n<\/div>\n\n\n\n<div class=\"wp-block-group has-global-padding is-layout-constrained wp-block-group-is-layout-constrained\">\n<p class=\"has-medium-font-size\">\u00c0 travers cet \u00e9v\u00e9nement, l\u2019AEM-VS affirme son engagement en faveur de la rel\u00e8ve musicale et contribue activement au rayonnement culturel du Valais.<\/p>\n<\/div>\n\n\n\n<div class=\"wp-block-buttons is-layout-flex wp-block-buttons-is-layout-flex\"><\/div>\n<\/div>\n\n\n\n<div class=\"wp-block-column is-vertically-aligned-center is-layout-flow wp-block-column-is-layout-flow\" style=\"flex-basis:50%\">\n<figure class=\"wp-block-image size-full\"><img loading=\"lazy\" decoding=\"async\" width=\"2048\" height=\"1150\" src=\"https:\/\/escila.ch\/remi\/wp-content\/uploads\/2026\/02\/Photo-13.jpg\" alt=\"\" class=\"wp-image-182\" style=\"aspect-ratio:1;object-fit:cover\" srcset=\"https:\/\/escila.ch\/remi\/wp-content\/uploads\/2026\/02\/Photo-13.jpg 2048w, https:\/\/escila.ch\/remi\/wp-content\/uploads\/2026\/02\/Photo-13-300x168.jpg 300w, https:\/\/escila.ch\/remi\/wp-content\/uploads\/2026\/02\/Photo-13-1024x575.jpg 1024w, https:\/\/escila.ch\/remi\/wp-content\/uploads\/2026\/02\/Photo-13-768x431.jpg 768w, https:\/\/escila.ch\/remi\/wp-content\/uploads\/2026\/02\/Photo-13-1536x863.jpg 1536w\" sizes=\"auto, (max-width: 2048px) 100vw, 2048px\" \/><\/figure>\n<\/div>\n<\/div>\n<\/div>\n\n\n\n<div class=\"wp-block-group alignfull has-global-padding is-layout-constrained wp-container-core-group-is-layout-fdabefd0 wp-block-group-is-layout-constrained\" style=\"min-height:407px;margin-top:0;margin-bottom:0;padding-top:0;padding-bottom:0\">\n<div class=\"wp-block-columns alignwide is-layout-flex wp-container-core-columns-is-layout-cdebebb7 wp-block-columns-is-layout-flex\" style=\"padding-top:0;padding-bottom:0\">\n<div class=\"wp-block-column is-layout-flow wp-container-core-column-is-layout-8ad66c59 wp-block-column-is-layout-flow\" style=\"padding-top:var(--wp--preset--spacing--70)\">\n<figure class=\"wp-block-image size-full\"><img loading=\"lazy\" decoding=\"async\" width=\"768\" height=\"432\" src=\"https:\/\/escila.ch\/remi\/wp-content\/uploads\/2026\/02\/JEUNES-TALENTS-MUSIQUE-n-768x451-1-edited.png\" alt=\"\" class=\"wp-image-197\" srcset=\"https:\/\/escila.ch\/remi\/wp-content\/uploads\/2026\/02\/JEUNES-TALENTS-MUSIQUE-n-768x451-1-edited.png 768w, https:\/\/escila.ch\/remi\/wp-content\/uploads\/2026\/02\/JEUNES-TALENTS-MUSIQUE-n-768x451-1-edited-300x169.png 300w\" sizes=\"auto, (max-width: 768px) 100vw, 768px\" \/><\/figure>\n<\/div>\n\n\n\n<div class=\"wp-block-column is-layout-flow wp-container-core-column-is-layout-8ad66c59 wp-block-column-is-layout-flow\" style=\"padding-top:var(--wp--preset--spacing--70)\">\n<figure class=\"wp-block-image size-full is-resized\"><img loading=\"lazy\" decoding=\"async\" width=\"2560\" height=\"1890\" src=\"https:\/\/escila.ch\/remi\/wp-content\/uploads\/2026\/02\/NOIR_Transparent-scaled.png\" alt=\"\" class=\"wp-image-223\" style=\"aspect-ratio:1.3545496441190026;width:331px;height:auto\" srcset=\"https:\/\/escila.ch\/remi\/wp-content\/uploads\/2026\/02\/NOIR_Transparent-scaled.png 2560w, https:\/\/escila.ch\/remi\/wp-content\/uploads\/2026\/02\/NOIR_Transparent-300x222.png 300w, https:\/\/escila.ch\/remi\/wp-content\/uploads\/2026\/02\/NOIR_Transparent-1024x756.png 1024w, https:\/\/escila.ch\/remi\/wp-content\/uploads\/2026\/02\/NOIR_Transparent-768x567.png 768w, https:\/\/escila.ch\/remi\/wp-content\/uploads\/2026\/02\/NOIR_Transparent-1536x1134.png 1536w, https:\/\/escila.ch\/remi\/wp-content\/uploads\/2026\/02\/NOIR_Transparent-2048x1512.png 2048w\" sizes=\"auto, (max-width: 2560px) 100vw, 2560px\" \/><\/figure>\n<\/div>\n\n\n\n<div class=\"wp-block-column is-layout-flow wp-container-core-column-is-layout-8ad66c59 wp-block-column-is-layout-flow\" style=\"padding-top:var(--wp--preset--spacing--70)\">\n<figure class=\"wp-block-image size-full\" style=\"margin-top:var(--wp--preset--spacing--50);margin-bottom:var(--wp--preset--spacing--50)\"><img loading=\"lazy\" decoding=\"async\" width=\"1920\" height=\"620\" src=\"https:\/\/escila.ch\/remi\/wp-content\/uploads\/2026\/05\/Logo_der_Schweizerischen_Eidgenossenschaft.svg-2.png\" alt=\"\" class=\"wp-image-693\" style=\"aspect-ratio:2.9937754640108647\" srcset=\"https:\/\/escila.ch\/remi\/wp-content\/uploads\/2026\/05\/Logo_der_Schweizerischen_Eidgenossenschaft.svg-2.png 1920w, https:\/\/escila.ch\/remi\/wp-content\/uploads\/2026\/05\/Logo_der_Schweizerischen_Eidgenossenschaft.svg-2-300x97.png 300w, https:\/\/escila.ch\/remi\/wp-content\/uploads\/2026\/05\/Logo_der_Schweizerischen_Eidgenossenschaft.svg-2-1024x331.png 1024w, https:\/\/escila.ch\/remi\/wp-content\/uploads\/2026\/05\/Logo_der_Schweizerischen_Eidgenossenschaft.svg-2-768x248.png 768w, https:\/\/escila.ch\/remi\/wp-content\/uploads\/2026\/05\/Logo_der_Schweizerischen_Eidgenossenschaft.svg-2-1536x496.png 1536w, https:\/\/escila.ch\/remi\/wp-content\/uploads\/2026\/05\/Logo_der_Schweizerischen_Eidgenossenschaft.svg-2-18x6.png 18w\" sizes=\"auto, (max-width: 1920px) 100vw, 1920px\" \/><\/figure>\n<\/div>\n<\/div>\n<\/div>\n\n\n\n<p class=\"has-large-font-size\" style=\"font-style:normal;font-weight:600\"><strong>Programme Jeunes Talents Musique Valais<\/strong><\/p>\n\n\n\n<p>En vertu de l\u2019art. 67a de la Constitution f\u00e9d\u00e9rale, la Conf\u00e9d\u00e9ration et les cantons ont la mission d\u2019encourager la formation musicale, en particulier des enfants et des jeunes.<\/p>\n\n\n\n<p>L\u2019encouragement des Jeunes Talents Musique a pour but de d\u00e9tecter et soutenir les enfants et les jeunes pr\u00e9sentant un fort potentiel musical dans l\u2019ensemble du canton du Valais, et de les soutenir de mani\u00e8re cibl\u00e9e et durable, en fonction de leurs besoins individuels, de leurs aptitudes musicales et personnelles et de leurs potentiels, afin qu\u2019ils aient un acc\u00e8s facilit\u00e9 aux prestations de formation musicale, que ce soit financi\u00e8rement, en termes de contenus ou d\u2019emplacements g\u00e9ographiques.<\/p>\n\n\n\n<p>L\u2019encouragement est propos\u00e9 \u00e0 de jeunes musiciens dou\u00e9s, quel que soit leur objectif de carri\u00e8re musicale, dans le but d\u2019une part de promouvoir une rel\u00e8ve musicale amateure de qualit\u00e9, et d\u2019autre part de pr\u00e9parer au mieux l\u2019entr\u00e9e dans une haute \u00e9cole de musique.<\/p>\n\n\n\n<p>Une Commission d\u2019experts \u2013 Commission Jeunes Talents Musique \u2013 est charg\u00e9e d\u2019\u00e9valuer ces jeunes musiciens talentueux qui se verront attribuer une Bourse Jeunes Talents Musique sous la forme d\u2019une aide financi\u00e8re d\u00e9finie en fonction de leur niveau.<\/p>\n\n\n\n<h3 class=\"wp-block-heading\" id=\"formulaire\"><strong>Service de coordination<\/strong><\/h3>\n\n\n\n<p>Le canton du Valais a d\u00e9sign\u00e9 le Service de la culture (SC) comme service de coordination charg\u00e9 de la mise en \u0153uvre du programme et en tant qu\u2019interlocuteur de l\u2019Office f\u00e9d\u00e9ral de la culture (OFC) pour la mise en \u0153uvre du programme.<\/p>\n\n\n\n<p>L\u2019Association des \u00c9coles de Musique du Valais (AEM-VS) est d\u00e9sign\u00e9e par le canton du Valais en tant qu\u2019organe de coordination du programme.<\/p>\n\n\n\n<div style=\"height:30px\" aria-hidden=\"true\" class=\"wp-block-spacer\"><\/div>\n\n\n\n<div style=\"height:50px\" aria-hidden=\"true\" class=\"wp-block-spacer\"><\/div>\n\n\n\n<div class=\"wp-block-group alignwide is-layout-flex wp-container-core-group-is-layout-51a19fab wp-block-group-is-layout-flex\" style=\"margin-top:0;margin-bottom:0;padding-right:var(--wp--preset--spacing--80);padding-left:var(--wp--preset--spacing--80)\">\n<div class=\"wp-block-buttons is-layout-flex wp-block-buttons-is-layout-flex\">\n<div class=\"wp-block-button bouton1\"><a class=\"wp-block-button__link wp-element-button\" href=\"https:\/\/aem-vms-vs.ch\/wp-content\/uploads\/2025\/09\/Liste-Bourses-Stipendium-JTM-Vs-2025.pdf\" style=\"padding-right:var(--wp--preset--spacing--40);padding-left:var(--wp--preset--spacing--40);box-shadow:var(--wp--preset--shadow--natural)\">Bourse JTM-VS 2025<\/a><\/div>\n\n\n\n<div class=\"wp-block-button bouton1\"><a class=\"wp-block-button__link wp-element-button\" href=\"https:\/\/aem-vms-vs.ch\/wp-content\/uploads\/2024\/03\/1.-Reglement-dorganisation-Commission-JTM-Vs_12.03.2024.pdf\">R\u00e8glement de la commission<\/a><\/div>\n\n\n\n<div class=\"wp-block-button bouton1\"><a class=\"wp-block-button__link wp-element-button\" href=\"https:\/\/aem-vms-vs.ch\/wp-content\/uploads\/2025\/09\/Flyer-AEM-FR-end-1.pdf\" style=\"border-top-left-radius:100px;border-top-right-radius:100px;border-bottom-left-radius:100px;border-bottom-right-radius:100px;padding-right:var(--wp--preset--spacing--50);padding-left:var(--wp--preset--spacing--50)\">  Flyer 2025  <\/a><\/div>\n\n\n\n<div class=\"wp-block-button bouton1\"><a class=\"wp-block-button__link wp-element-button\" href=\"https:\/\/aem-vms-vs.ch\/wp-content\/uploads\/2024\/03\/3.-Programme-Jeunes-Talents-Musique-Valais_12.03.2024.pdf\" style=\"padding-right:var(--wp--preset--spacing--40);padding-left:var(--wp--preset--spacing--40)\">Description du programme<\/a><\/div>\n<\/div>\n\n\n\n<div class=\"wp-block-buttons is-layout-flex wp-block-buttons-is-layout-flex\"><\/div>\n\n\n\n<div class=\"wp-block-buttons is-layout-flex wp-block-buttons-is-layout-flex\"><\/div>\n\n\n\n<div class=\"wp-block-buttons is-layout-flex wp-block-buttons-is-layout-flex\"><\/div>\n<\/div>\n\n\n\n<div style=\"height:50px\" aria-hidden=\"true\" class=\"wp-block-spacer\"><\/div>\n\n\n\n<p><\/p>\n","protected":false},"excerpt":{"rendered":"<p>\u00c0 propos de l\u2019\u00e9v\u00e8nement Le Concours Jeunes Talents Musique est un \u00e9v\u00e9nement annuel organis\u00e9 par l\u2019Association des \u00c9coles de Musique Valaisannes (AEM-VS). Il a pour objectif de soutenir, encourager et valoriser les jeunes musiciennes et musiciens du canton en leur offrant une sc\u00e8ne d\u2019expression et de reconnaissance. Ouvert \u00e0 une grande diversit\u00e9 de styles musicaux [&hellip;]<\/p>\n","protected":false},"author":1,"featured_media":0,"parent":0,"menu_order":0,"comment_status":"closed","ping_status":"closed","template":"","meta":{"footnotes":""},"class_list":["post-118","page","type-page","status-publish","hentry"],"yoast_head":"<!-- This site is optimized with the Yoast SEO plugin v27.5 - https:\/\/yoast.com\/product\/yoast-seo-wordpress\/ -->\n<title>Jeunes Talents Musiques - AEM-WMS<\/title>\n<meta name=\"description\" content=\"D\u00e9couvrez les jeunes talents de la musique accompagn\u00e9s par l\u2019AEMVS : parcours, projets, concerts et actualit\u00e9s pour soutenir l\u2019\u00e9mergence de nouveaux artistes et vivre la musique de demain.\" \/>\n<meta name=\"robots\" content=\"index, follow, max-snippet:-1, max-image-preview:large, max-video-preview:-1\" \/>\n<link rel=\"canonical\" href=\"https:\/\/escila.ch\/remi\/jeunes-talents-musiques\/\" \/>\n<meta property=\"og:locale\" content=\"fr_FR\" \/>\n<meta property=\"og:type\" content=\"article\" \/>\n<meta property=\"og:title\" content=\"Jeunes Talents Musiques - AEM-WMS\" \/>\n<meta property=\"og:description\" content=\"D\u00e9couvrez les jeunes talents de la musique accompagn\u00e9s par l\u2019AEMVS : parcours, projets, concerts et actualit\u00e9s pour soutenir l\u2019\u00e9mergence de nouveaux artistes et vivre la musique de demain.\" \/>\n<meta property=\"og:url\" content=\"https:\/\/escila.ch\/remi\/jeunes-talents-musiques\/\" \/>\n<meta property=\"og:site_name\" content=\"AEM-WMS\" \/>\n<meta property=\"article:modified_time\" content=\"2026-05-07T09:10:41+00:00\" \/>\n<meta property=\"og:image\" content=\"https:\/\/escila.ch\/remi\/wp-content\/uploads\/2026\/02\/Photo-6.jpg\" \/>\n\t<meta property=\"og:image:width\" content=\"2048\" \/>\n\t<meta property=\"og:image:height\" content=\"1150\" \/>\n\t<meta property=\"og:image:type\" content=\"image\/jpeg\" \/>\n<meta name=\"twitter:card\" content=\"summary_large_image\" \/>\n<meta name=\"twitter:label1\" content=\"Dur\u00e9e de lecture estim\u00e9e\" \/>\n\t<meta name=\"twitter:data1\" content=\"4 minutes\" \/>\n<script type=\"application\/ld+json\" class=\"yoast-schema-graph\">{\"@context\":\"https:\\\/\\\/schema.org\",\"@graph\":[{\"@type\":\"WebPage\",\"@id\":\"https:\\\/\\\/escila.ch\\\/remi\\\/jeunes-talents-musiques\\\/\",\"url\":\"https:\\\/\\\/escila.ch\\\/remi\\\/jeunes-talents-musiques\\\/\",\"name\":\"Jeunes Talents Musiques - AEM-WMS\",\"isPartOf\":{\"@id\":\"https:\\\/\\\/escila.ch\\\/remi\\\/#website\"},\"primaryImageOfPage\":{\"@id\":\"https:\\\/\\\/escila.ch\\\/remi\\\/jeunes-talents-musiques\\\/#primaryimage\"},\"image\":{\"@id\":\"https:\\\/\\\/escila.ch\\\/remi\\\/jeunes-talents-musiques\\\/#primaryimage\"},\"thumbnailUrl\":\"https:\\\/\\\/escila.ch\\\/remi\\\/wp-content\\\/uploads\\\/2026\\\/02\\\/Photo-6-1024x575.jpg\",\"datePublished\":\"2026-02-04T12:08:24+00:00\",\"dateModified\":\"2026-05-07T09:10:41+00:00\",\"description\":\"D\u00e9couvrez les jeunes talents de la musique accompagn\u00e9s par l\u2019AEMVS : parcours, projets, concerts et actualit\u00e9s pour soutenir l\u2019\u00e9mergence de nouveaux artistes et vivre la musique de demain.\",\"breadcrumb\":{\"@id\":\"https:\\\/\\\/escila.ch\\\/remi\\\/jeunes-talents-musiques\\\/#breadcrumb\"},\"inLanguage\":\"fr-FR\",\"potentialAction\":[{\"@type\":\"ReadAction\",\"target\":[\"https:\\\/\\\/escila.ch\\\/remi\\\/jeunes-talents-musiques\\\/\"]}]},{\"@type\":\"ImageObject\",\"inLanguage\":\"fr-FR\",\"@id\":\"https:\\\/\\\/escila.ch\\\/remi\\\/jeunes-talents-musiques\\\/#primaryimage\",\"url\":\"https:\\\/\\\/escila.ch\\\/remi\\\/wp-content\\\/uploads\\\/2026\\\/02\\\/Photo-6.jpg\",\"contentUrl\":\"https:\\\/\\\/escila.ch\\\/remi\\\/wp-content\\\/uploads\\\/2026\\\/02\\\/Photo-6.jpg\",\"width\":2048,\"height\":1150},{\"@type\":\"BreadcrumbList\",\"@id\":\"https:\\\/\\\/escila.ch\\\/remi\\\/jeunes-talents-musiques\\\/#breadcrumb\",\"itemListElement\":[{\"@type\":\"ListItem\",\"position\":1,\"name\":\"Accueil\",\"item\":\"https:\\\/\\\/escila.ch\\\/remi\\\/\"},{\"@type\":\"ListItem\",\"position\":2,\"name\":\"Jeunes Talents Musiques\"}]},{\"@type\":\"WebSite\",\"@id\":\"https:\\\/\\\/escila.ch\\\/remi\\\/#website\",\"url\":\"https:\\\/\\\/escila.ch\\\/remi\\\/\",\"name\":\"AEM-VMS-VS\",\"description\":\"Association des \u00e9coles de musique Valaisanne\",\"publisher\":{\"@id\":\"https:\\\/\\\/escila.ch\\\/remi\\\/#organization\"},\"potentialAction\":[{\"@type\":\"SearchAction\",\"target\":{\"@type\":\"EntryPoint\",\"urlTemplate\":\"https:\\\/\\\/escila.ch\\\/remi\\\/?s={search_term_string}\"},\"query-input\":{\"@type\":\"PropertyValueSpecification\",\"valueRequired\":true,\"valueName\":\"search_term_string\"}}],\"inLanguage\":\"fr-FR\"},{\"@type\":\"Organization\",\"@id\":\"https:\\\/\\\/escila.ch\\\/remi\\\/#organization\",\"name\":\"Assocition des \u00c9coles de Musique Valaisanne\",\"url\":\"https:\\\/\\\/escila.ch\\\/remi\\\/\",\"logo\":{\"@type\":\"ImageObject\",\"inLanguage\":\"fr-FR\",\"@id\":\"https:\\\/\\\/escila.ch\\\/remi\\\/#\\\/schema\\\/logo\\\/image\\\/\",\"url\":\"https:\\\/\\\/escila.ch\\\/remi\\\/wp-content\\\/uploads\\\/2026\\\/02\\\/sansbaseline-logo-aem-vs-sans-serif-1536x905-1-e1771341847815.png\",\"contentUrl\":\"https:\\\/\\\/escila.ch\\\/remi\\\/wp-content\\\/uploads\\\/2026\\\/02\\\/sansbaseline-logo-aem-vs-sans-serif-1536x905-1-e1771341847815.png\",\"width\":1385,\"height\":665,\"caption\":\"Assocition des \u00c9coles de Musique Valaisanne\"},\"image\":{\"@id\":\"https:\\\/\\\/escila.ch\\\/remi\\\/#\\\/schema\\\/logo\\\/image\\\/\"},\"sameAs\":[\"https:\\\/\\\/www.youtube.com\\\/@AEM-VMS-VS\"]}]}<\/script>\n<!-- \/ Yoast SEO plugin. -->","yoast_head_json":{"title":"Jeunes Talents Musiques - AEM-WMS","description":"D\u00e9couvrez les jeunes talents de la musique accompagn\u00e9s par l\u2019AEMVS : parcours, projets, concerts et actualit\u00e9s pour soutenir l\u2019\u00e9mergence de nouveaux artistes et vivre la musique de demain.","robots":{"index":"index","follow":"follow","max-snippet":"max-snippet:-1","max-image-preview":"max-image-preview:large","max-video-preview":"max-video-preview:-1"},"canonical":"https:\/\/escila.ch\/remi\/jeunes-talents-musiques\/","og_locale":"fr_FR","og_type":"article","og_title":"Jeunes Talents Musiques - AEM-WMS","og_description":"D\u00e9couvrez les jeunes talents de la musique accompagn\u00e9s par l\u2019AEMVS : parcours, projets, concerts et actualit\u00e9s pour soutenir l\u2019\u00e9mergence de nouveaux artistes et vivre la musique de demain.","og_url":"https:\/\/escila.ch\/remi\/jeunes-talents-musiques\/","og_site_name":"AEM-WMS","article_modified_time":"2026-05-07T09:10:41+00:00","og_image":[{"width":2048,"height":1150,"url":"https:\/\/escila.ch\/remi\/wp-content\/uploads\/2026\/02\/Photo-6.jpg","type":"image\/jpeg"}],"twitter_card":"summary_large_image","twitter_misc":{"Dur\u00e9e de lecture estim\u00e9e":"4 minutes"},"schema":{"@context":"https:\/\/schema.org","@graph":[{"@type":"WebPage","@id":"https:\/\/escila.ch\/remi\/jeunes-talents-musiques\/","url":"https:\/\/escila.ch\/remi\/jeunes-talents-musiques\/","name":"Jeunes Talents Musiques - AEM-WMS","isPartOf":{"@id":"https:\/\/escila.ch\/remi\/#website"},"primaryImageOfPage":{"@id":"https:\/\/escila.ch\/remi\/jeunes-talents-musiques\/#primaryimage"},"image":{"@id":"https:\/\/escila.ch\/remi\/jeunes-talents-musiques\/#primaryimage"},"thumbnailUrl":"https:\/\/escila.ch\/remi\/wp-content\/uploads\/2026\/02\/Photo-6-1024x575.jpg","datePublished":"2026-02-04T12:08:24+00:00","dateModified":"2026-05-07T09:10:41+00:00","description":"D\u00e9couvrez les jeunes talents de la musique accompagn\u00e9s par l\u2019AEMVS : parcours, projets, concerts et actualit\u00e9s pour soutenir l\u2019\u00e9mergence de nouveaux artistes et vivre la musique de demain.","breadcrumb":{"@id":"https:\/\/escila.ch\/remi\/jeunes-talents-musiques\/#breadcrumb"},"inLanguage":"fr-FR","potentialAction":[{"@type":"ReadAction","target":["https:\/\/escila.ch\/remi\/jeunes-talents-musiques\/"]}]},{"@type":"ImageObject","inLanguage":"fr-FR","@id":"https:\/\/escila.ch\/remi\/jeunes-talents-musiques\/#primaryimage","url":"https:\/\/escila.ch\/remi\/wp-content\/uploads\/2026\/02\/Photo-6.jpg","contentUrl":"https:\/\/escila.ch\/remi\/wp-content\/uploads\/2026\/02\/Photo-6.jpg","width":2048,"height":1150},{"@type":"BreadcrumbList","@id":"https:\/\/escila.ch\/remi\/jeunes-talents-musiques\/#breadcrumb","itemListElement":[{"@type":"ListItem","position":1,"name":"Accueil","item":"https:\/\/escila.ch\/remi\/"},{"@type":"ListItem","position":2,"name":"Jeunes Talents Musiques"}]},{"@type":"WebSite","@id":"https:\/\/escila.ch\/remi\/#website","url":"https:\/\/escila.ch\/remi\/","name":"AEM-VMS-VS","description":"Association des \u00e9coles de musique Valaisanne","publisher":{"@id":"https:\/\/escila.ch\/remi\/#organization"},"potentialAction":[{"@type":"SearchAction","target":{"@type":"EntryPoint","urlTemplate":"https:\/\/escila.ch\/remi\/?s={search_term_string}"},"query-input":{"@type":"PropertyValueSpecification","valueRequired":true,"valueName":"search_term_string"}}],"inLanguage":"fr-FR"},{"@type":"Organization","@id":"https:\/\/escila.ch\/remi\/#organization","name":"Assocition des \u00c9coles de Musique Valaisanne","url":"https:\/\/escila.ch\/remi\/","logo":{"@type":"ImageObject","inLanguage":"fr-FR","@id":"https:\/\/escila.ch\/remi\/#\/schema\/logo\/image\/","url":"https:\/\/escila.ch\/remi\/wp-content\/uploads\/2026\/02\/sansbaseline-logo-aem-vs-sans-serif-1536x905-1-e1771341847815.png","contentUrl":"https:\/\/escila.ch\/remi\/wp-content\/uploads\/2026\/02\/sansbaseline-logo-aem-vs-sans-serif-1536x905-1-e1771341847815.png","width":1385,"height":665,"caption":"Assocition des \u00c9coles de Musique Valaisanne"},"image":{"@id":"https:\/\/escila.ch\/remi\/#\/schema\/logo\/image\/"},"sameAs":["https:\/\/www.youtube.com\/@AEM-VMS-VS"]}]}},"_links":{"self":[{"href":"https:\/\/escila.ch\/remi\/wp-json\/wp\/v2\/pages\/118","targetHints":{"allow":["GET"]}}],"collection":[{"href":"https:\/\/escila.ch\/remi\/wp-json\/wp\/v2\/pages"}],"about":[{"href":"https:\/\/escila.ch\/remi\/wp-json\/wp\/v2\/types\/page"}],"author":[{"embeddable":true,"href":"https:\/\/escila.ch\/remi\/wp-json\/wp\/v2\/users\/1"}],"replies":[{"embeddable":true,"href":"https:\/\/escila.ch\/remi\/wp-json\/wp\/v2\/comments?post=118"}],"version-history":[{"count":81,"href":"https:\/\/escila.ch\/remi\/wp-json\/wp\/v2\/pages\/118\/revisions"}],"predecessor-version":[{"id":694,"href":"https:\/\/escila.ch\/remi\/wp-json\/wp\/v2\/pages\/118\/revisions\/694"}],"wp:attachment":[{"href":"https:\/\/escila.ch\/remi\/wp-json\/wp\/v2\/media?parent=118"}],"curies":[{"name":"wp","href":"https:\/\/api.w.org\/{rel}","templated":true}]}}