{"id":105,"date":"2026-02-04T11:48:51","date_gmt":"2026-02-04T10:48:51","guid":{"rendered":"https:\/\/escila.ch\/remi\/?page_id=105"},"modified":"2026-04-22T16:56:13","modified_gmt":"2026-04-22T14:56:13","slug":"lassociation","status":"publish","type":"page","link":"https:\/\/escila.ch\/remi\/lassociation\/","title":{"rendered":"L&rsquo;association"},"content":{"rendered":"\n<div style=\"height:60px\" aria-hidden=\"true\" class=\"wp-block-spacer\"><\/div>\n\n\n\n<h1 class=\"wp-block-heading has-xx-large-font-size\"><strong>L&rsquo;Association<\/strong><\/h1>\n\n\n\n<div style=\"height:30px\" aria-hidden=\"true\" class=\"wp-block-spacer\"><\/div>\n\n\n\n<p><strong>Constitu\u00e9e le 7 novembre 2013, l\u2019AEM-VS est l\u2019organisation fa\u00eeti\u00e8re des \u00e9coles de musique reconnues par le canton du Valais, soit le Conservatoire Cantonal de Musique, l\u2019\u00c9cole de Jazz et de Musique Actuelle du Valais et l\u2019Allgemeine Musikschule Oberwallis.<\/strong><\/p>\n\n\n\n<p>Ses buts sont les suivants :<\/p>\n\n\n\n<ul class=\"wp-block-list\">\n<li>\u00c9tablir les bases d\u2019une structure de l\u2019\u00e9ducation musicale non professionnelle dans le canton du Valais;<\/li>\n\n\n\n<li>Favoriser le travail en commun et la coop\u00e9ration entre les \u00e9coles de musique membres;<\/li>\n\n\n\n<li>Soutenir et d\u00e9fendre les int\u00e9r\u00eats communs des \u00e9coles de musique membres, sur les plans p\u00e9dagogique, artistique, politique et \u00e9conomique, au niveau r\u00e9gional, cantonal et national;<\/li>\n\n\n\n<li>Piloter et coordonner la r\u00e9alisation d\u2019un enseignement musical sp\u00e9cialis\u00e9 (classes pr\u00e9-HEM) destin\u00e9 aux jeunes les plus talentueux et motiv\u00e9s;<\/li>\n\n\n\n<li>Repr\u00e9senter les \u00e9coles de musique membres aupr\u00e8s des instances communales, cantonales et f\u00e9d\u00e9rales concern\u00e9es;<\/li>\n\n\n\n<li>Repr\u00e9senter les \u00e9coles de musique membres aupr\u00e8s de l\u2019assembl\u00e9e des d\u00e9l\u00e9gu\u00e9s cantonaux de l\u2019Association Suisse des Ecoles de Musique (ASEM);<\/li>\n\n\n\n<li>Repr\u00e9senter les \u00e9coles de musique membres au sein de la Commission consultative, au sens des articles 36bis et suivants de la Loi sur la promotion de la culture du 15 novembre 1996;<\/li>\n\n\n\n<li>Veiller au respect des conditions et des crit\u00e8res de reconnaissance des \u00e9coles de musique membres, au sens des articles 36bis et suivants de la Loi sur la promotion de la culture du 15 novembre 1996.<\/li>\n<\/ul>\n\n\n\n<p>L\u2019AEM-VS est membre de l\u2019Association Suisse des Ecoles de Musique (ASEM), avec la totalit\u00e9 de ses \u00e9coles membres; elle soutient ses objectifs et ses activit\u00e9s.<\/p>\n\n\n\n<div style=\"height:60px\" aria-hidden=\"true\" class=\"wp-block-spacer\"><\/div>\n\n\n\n<p class=\"has-xx-large-font-size\" style=\"font-style:normal;font-weight:600\">Le comit\u00e9<\/p>\n\n\n\n<div style=\"height:31px\" aria-hidden=\"true\" class=\"wp-block-spacer\"><\/div>\n\n\n\n<div class=\"wp-block-media-text is-stacked-on-mobile\" style=\"border-width:1px;grid-template-columns:30% auto\"><figure class=\"wp-block-media-text__media\"><img loading=\"lazy\" decoding=\"async\" width=\"768\" height=\"768\" src=\"https:\/\/escila.ch\/remi\/wp-content\/uploads\/2026\/02\/aem-vms-vs-nicolas_schwery-768x768-1.png\" alt=\"\" class=\"wp-image-111 size-full\" srcset=\"https:\/\/escila.ch\/remi\/wp-content\/uploads\/2026\/02\/aem-vms-vs-nicolas_schwery-768x768-1.png 768w, https:\/\/escila.ch\/remi\/wp-content\/uploads\/2026\/02\/aem-vms-vs-nicolas_schwery-768x768-1-300x300.png 300w, https:\/\/escila.ch\/remi\/wp-content\/uploads\/2026\/02\/aem-vms-vs-nicolas_schwery-768x768-1-150x150.png 150w\" sizes=\"auto, (max-width: 768px) 100vw, 768px\" \/><\/figure><div class=\"wp-block-media-text__content\">\n<p><br>Pr\u00e9sident<br><strong>Nicolas Schwery<br><\/strong>Pr\u00e9sident du Conseil de fondation de l\u2019EJMA-Valais<\/p>\n<\/div><\/div>\n\n\n\n<div class=\"wp-block-media-text has-media-on-the-right is-stacked-on-mobile\" style=\"border-width:1px;grid-template-columns:auto 30%\"><div class=\"wp-block-media-text__content\">\n<p><br>Vice-Pr\u00e9sident<br><strong>S\u00e9bastien Gattlen<br><\/strong>Pr\u00e9sident du Conseil du Conservatoire Cantonal de musique<br>Vice-Pr\u00e9sident du Conseil de fondation de l\u2019EJMA-Valais<\/p>\n<\/div><figure class=\"wp-block-media-text__media\"><img loading=\"lazy\" decoding=\"async\" width=\"768\" height=\"768\" src=\"https:\/\/escila.ch\/remi\/wp-content\/uploads\/2026\/02\/aem-vms-vs-sebastien_gattlen-768x768-1.png\" alt=\"\" class=\"wp-image-112 size-full\" srcset=\"https:\/\/escila.ch\/remi\/wp-content\/uploads\/2026\/02\/aem-vms-vs-sebastien_gattlen-768x768-1.png 768w, https:\/\/escila.ch\/remi\/wp-content\/uploads\/2026\/02\/aem-vms-vs-sebastien_gattlen-768x768-1-300x300.png 300w, https:\/\/escila.ch\/remi\/wp-content\/uploads\/2026\/02\/aem-vms-vs-sebastien_gattlen-768x768-1-150x150.png 150w\" sizes=\"auto, (max-width: 768px) 100vw, 768px\" \/><\/figure><\/div>\n\n\n\n<div class=\"wp-block-media-text is-stacked-on-mobile\" style=\"border-width:1px;grid-template-columns:30% auto\"><figure class=\"wp-block-media-text__media\"><img loading=\"lazy\" decoding=\"async\" width=\"768\" height=\"768\" src=\"https:\/\/escila.ch\/remi\/wp-content\/uploads\/2026\/02\/aem-vms-vs-amade_schnyder-768x768-1.png\" alt=\"\" class=\"wp-image-108 size-full\" srcset=\"https:\/\/escila.ch\/remi\/wp-content\/uploads\/2026\/02\/aem-vms-vs-amade_schnyder-768x768-1.png 768w, https:\/\/escila.ch\/remi\/wp-content\/uploads\/2026\/02\/aem-vms-vs-amade_schnyder-768x768-1-300x300.png 300w, https:\/\/escila.ch\/remi\/wp-content\/uploads\/2026\/02\/aem-vms-vs-amade_schnyder-768x768-1-150x150.png 150w\" sizes=\"auto, (max-width: 768px) 100vw, 768px\" \/><\/figure><div class=\"wp-block-media-text__content\">\n<p>Membre et Secr\u00e9taire g\u00e9n\u00e9ral<br>du Haut-Valais<br><strong>Amad\u00e9 Schnyder<br><\/strong>Directeur de l\u2019Allgemeine Musikschule Oberwallis<\/p>\n<\/div><\/div>\n\n\n\n<div class=\"wp-block-media-text has-media-on-the-right is-stacked-on-mobile\" style=\"border-width:1px;grid-template-columns:auto 30%\"><div class=\"wp-block-media-text__content\">\n<p><br>Membre et Secr\u00e9taire g\u00e9n\u00e9rale du Valais romand<br><strong>Thierry Debons<br><\/strong>Directeur du Conservatoire Cantonal de Musique<\/p>\n<\/div><figure class=\"wp-block-media-text__media\"><img loading=\"lazy\" decoding=\"async\" width=\"768\" height=\"768\" src=\"https:\/\/escila.ch\/remi\/wp-content\/uploads\/2026\/02\/aem-vms-vs-thierry_debons-768x768-1.png\" alt=\"\" class=\"wp-image-116 size-full\" srcset=\"https:\/\/escila.ch\/remi\/wp-content\/uploads\/2026\/02\/aem-vms-vs-thierry_debons-768x768-1.png 768w, https:\/\/escila.ch\/remi\/wp-content\/uploads\/2026\/02\/aem-vms-vs-thierry_debons-768x768-1-300x300.png 300w, https:\/\/escila.ch\/remi\/wp-content\/uploads\/2026\/02\/aem-vms-vs-thierry_debons-768x768-1-150x150.png 150w\" sizes=\"auto, (max-width: 768px) 100vw, 768px\" \/><\/figure><\/div>\n\n\n\n<div class=\"wp-block-media-text is-stacked-on-mobile\" style=\"border-width:1px;grid-template-columns:30% auto\"><figure class=\"wp-block-media-text__media\"><img loading=\"lazy\" decoding=\"async\" width=\"768\" height=\"768\" src=\"https:\/\/escila.ch\/remi\/wp-content\/uploads\/2026\/02\/aem-vms-vs-stephanie_kuffer-768x768-1.png\" alt=\"\" class=\"wp-image-114 size-full\" srcset=\"https:\/\/escila.ch\/remi\/wp-content\/uploads\/2026\/02\/aem-vms-vs-stephanie_kuffer-768x768-1.png 768w, https:\/\/escila.ch\/remi\/wp-content\/uploads\/2026\/02\/aem-vms-vs-stephanie_kuffer-768x768-1-300x300.png 300w, https:\/\/escila.ch\/remi\/wp-content\/uploads\/2026\/02\/aem-vms-vs-stephanie_kuffer-768x768-1-150x150.png 150w\" sizes=\"auto, (max-width: 768px) 100vw, 768px\" \/><\/figure><div class=\"wp-block-media-text__content\">\n<p><br>Membre<br><strong>St\u00e9phanie K\u00fcffer<br><\/strong>Directrice de l\u2019EJMA-Valais<\/p>\n<\/div><\/div>\n\n\n\n<div class=\"wp-block-media-text has-media-on-the-right is-stacked-on-mobile\" style=\"border-width:1px;grid-template-columns:auto 30%\"><div class=\"wp-block-media-text__content\">\n<p><br>Membre<br><strong>Romaine Crettenand<br><\/strong>Vice-Pr\u00e9sidente du Conseil de fondation du Conservatoire Cantonal de Musique<\/p>\n<\/div><figure class=\"wp-block-media-text__media\"><img loading=\"lazy\" decoding=\"async\" width=\"768\" height=\"768\" src=\"https:\/\/escila.ch\/remi\/wp-content\/uploads\/2026\/02\/ae-vms-vs-romaine_crettenand-768x768-1.png\" alt=\"\" class=\"wp-image-115 size-full\" srcset=\"https:\/\/escila.ch\/remi\/wp-content\/uploads\/2026\/02\/ae-vms-vs-romaine_crettenand-768x768-1.png 768w, https:\/\/escila.ch\/remi\/wp-content\/uploads\/2026\/02\/ae-vms-vs-romaine_crettenand-768x768-1-300x300.png 300w, https:\/\/escila.ch\/remi\/wp-content\/uploads\/2026\/02\/ae-vms-vs-romaine_crettenand-768x768-1-150x150.png 150w\" sizes=\"auto, (max-width: 768px) 100vw, 768px\" \/><\/figure><\/div>\n\n\n\n<div class=\"wp-block-media-text is-stacked-on-mobile\" style=\"border-width:1px;grid-template-columns:30% auto\"><figure class=\"wp-block-media-text__media\"><img loading=\"lazy\" decoding=\"async\" width=\"768\" height=\"768\" src=\"https:\/\/escila.ch\/remi\/wp-content\/uploads\/2026\/02\/aem-vms-vs-christoph_fohn-768x768-1.png\" alt=\"\" class=\"wp-image-110 size-full\" srcset=\"https:\/\/escila.ch\/remi\/wp-content\/uploads\/2026\/02\/aem-vms-vs-christoph_fohn-768x768-1.png 768w, https:\/\/escila.ch\/remi\/wp-content\/uploads\/2026\/02\/aem-vms-vs-christoph_fohn-768x768-1-300x300.png 300w, https:\/\/escila.ch\/remi\/wp-content\/uploads\/2026\/02\/aem-vms-vs-christoph_fohn-768x768-1-150x150.png 150w\" sizes=\"auto, (max-width: 768px) 100vw, 768px\" \/><\/figure><div class=\"wp-block-media-text__content\">\n<p>Membre<br><strong>Christoph F\u00f6hn<br><\/strong>Pr\u00e9sident du Comit\u00e9 de l\u2019Allgemeine Musikschule Oberwallis<\/p>\n<\/div><\/div>\n\n\n\n<div class=\"wp-block-media-text has-media-on-the-right is-stacked-on-mobile\" style=\"border-width:1px;grid-template-columns:auto 30%\"><div class=\"wp-block-media-text__content\">\n<p><br>Membre<br><strong>J\u00e9r\u00e9my Savioz<br><\/strong>Membre du Conseil de fondation du Conservatoire Cantonale de Musique<\/p>\n<\/div><figure class=\"wp-block-media-text__media\"><img loading=\"lazy\" decoding=\"async\" width=\"753\" height=\"753\" src=\"https:\/\/escila.ch\/remi\/wp-content\/uploads\/2026\/04\/jeremy-savioz-2.png\" alt=\"\" class=\"wp-image-663 size-full\" srcset=\"https:\/\/escila.ch\/remi\/wp-content\/uploads\/2026\/04\/jeremy-savioz-2.png 753w, https:\/\/escila.ch\/remi\/wp-content\/uploads\/2026\/04\/jeremy-savioz-2-300x300.png 300w, https:\/\/escila.ch\/remi\/wp-content\/uploads\/2026\/04\/jeremy-savioz-2-150x150.png 150w, https:\/\/escila.ch\/remi\/wp-content\/uploads\/2026\/04\/jeremy-savioz-2-12x12.png 12w\" sizes=\"auto, (max-width: 753px) 100vw, 753px\" \/><\/figure><\/div>\n\n\n\n<div class=\"wp-block-media-text is-stacked-on-mobile\" style=\"border-width:1px;grid-template-columns:30% auto\"><figure class=\"wp-block-media-text__media\"><img loading=\"lazy\" decoding=\"async\" width=\"768\" height=\"768\" src=\"https:\/\/escila.ch\/remi\/wp-content\/uploads\/2026\/02\/aem-vms-vs-karl_schmidhalter-768x768-1.png\" alt=\"\" class=\"wp-image-113 size-full\" srcset=\"https:\/\/escila.ch\/remi\/wp-content\/uploads\/2026\/02\/aem-vms-vs-karl_schmidhalter-768x768-1.png 768w, https:\/\/escila.ch\/remi\/wp-content\/uploads\/2026\/02\/aem-vms-vs-karl_schmidhalter-768x768-1-300x300.png 300w, https:\/\/escila.ch\/remi\/wp-content\/uploads\/2026\/02\/aem-vms-vs-karl_schmidhalter-768x768-1-150x150.png 150w\" sizes=\"auto, (max-width: 768px) 100vw, 768px\" \/><\/figure><div class=\"wp-block-media-text__content\">\n<p><br>Membre<br><strong>Karl Schmidhalter<br><\/strong>Vice-Pr\u00e9sident du Comit\u00e9 de l\u2019Allgemeine Musikschule Oberwallis<\/p>\n<\/div><\/div>\n\n\n\n<div style=\"height:79px\" aria-hidden=\"true\" class=\"wp-block-spacer\"><\/div>\n\n\n\n<div class=\"wp-block-columns is-layout-flex wp-container-core-columns-is-layout-28f84493 wp-block-columns-is-layout-flex\">\n<div class=\"wp-block-column is-layout-flow wp-block-column-is-layout-flow\">\n<figure class=\"wp-block-image size-full has-custom-border\" style=\"margin-top:0;margin-right:var(--wp--preset--spacing--70);margin-bottom:0;margin-left:var(--wp--preset--spacing--70)\"><img loading=\"lazy\" decoding=\"async\" width=\"724\" height=\"1024\" src=\"https:\/\/escila.ch\/remi\/wp-content\/uploads\/2026\/02\/Plan-dEtudes-Cadre-Harmonise-AEM-VS-VMS-VS-complet-Page-01-Snapshot-01-724x1024-1.png\" alt=\"\" class=\"wp-image-285\" style=\"border-style:none;border-width:0px\" srcset=\"https:\/\/escila.ch\/remi\/wp-content\/uploads\/2026\/02\/Plan-dEtudes-Cadre-Harmonise-AEM-VS-VMS-VS-complet-Page-01-Snapshot-01-724x1024-1.png 724w, https:\/\/escila.ch\/remi\/wp-content\/uploads\/2026\/02\/Plan-dEtudes-Cadre-Harmonise-AEM-VS-VMS-VS-complet-Page-01-Snapshot-01-724x1024-1-212x300.png 212w\" sizes=\"auto, (max-width: 724px) 100vw, 724px\" \/><\/figure>\n<\/div>\n\n\n\n<div class=\"wp-block-column is-layout-flow wp-block-column-is-layout-flow\">\n<figure class=\"wp-block-image size-full\" style=\"margin-right:var(--wp--preset--spacing--70);margin-left:var(--wp--preset--spacing--70)\"><img loading=\"lazy\" decoding=\"async\" width=\"724\" height=\"1024\" src=\"https:\/\/escila.ch\/remi\/wp-content\/uploads\/2026\/02\/Statuts-AEM-VS-revises-au-8.9.2017_Page_1-724x1024-1.jpg\" alt=\"\" class=\"wp-image-288\" srcset=\"https:\/\/escila.ch\/remi\/wp-content\/uploads\/2026\/02\/Statuts-AEM-VS-revises-au-8.9.2017_Page_1-724x1024-1.jpg 724w, https:\/\/escila.ch\/remi\/wp-content\/uploads\/2026\/02\/Statuts-AEM-VS-revises-au-8.9.2017_Page_1-724x1024-1-212x300.jpg 212w\" sizes=\"auto, (max-width: 724px) 100vw, 724px\" \/><\/figure>\n<\/div>\n<\/div>\n\n\n\n<div style=\"height:10px\" aria-hidden=\"true\" class=\"wp-block-spacer\"><\/div>\n\n\n\n<div class=\"wp-block-columns is-layout-flex wp-container-core-columns-is-layout-28f84493 wp-block-columns-is-layout-flex\">\n<div class=\"wp-block-column is-layout-flow wp-block-column-is-layout-flow\">\n<div class=\"wp-block-buttons is-content-justification-center is-layout-flex wp-container-core-buttons-is-layout-a89b3969 wp-block-buttons-is-layout-flex\">\n<div class=\"wp-block-button bouton1\"><a class=\"wp-block-button__link wp-element-button\" href=\"https:\/\/aem-vms-vs.ch\/wp-content\/uploads\/2024\/03\/Plan-dEtudes-Cadre-Harmonise-AEM-VS-VMS-VS-complet-1.pdf\">Plan d&rsquo;\u00e9tudes cadre harmonis\u00e9 AEM-Vs<\/a><\/div>\n<\/div>\n<\/div>\n\n\n\n<div class=\"wp-block-column is-layout-flow wp-block-column-is-layout-flow\">\n<div class=\"wp-block-buttons is-content-justification-center is-layout-flex wp-container-core-buttons-is-layout-a89b3969 wp-block-buttons-is-layout-flex\">\n<div class=\"wp-block-button bouton1\"><a class=\"wp-block-button__link wp-element-button\" href=\"https:\/\/aem-vms-vs.ch\/wp-content\/uploads\/2024\/03\/Statuts-AEM-VS-revises-au-8.9.2017.pdf\">Statuts AEM-Vs<\/a><\/div>\n<\/div>\n<\/div>\n<\/div>\n\n\n\n<div style=\"height:29px\" aria-hidden=\"true\" class=\"wp-block-spacer\"><\/div>\n\n\n\n<p><\/p>\n","protected":false},"excerpt":{"rendered":"<p>L&rsquo;Association Constitu\u00e9e le 7 novembre 2013, l\u2019AEM-VS est l\u2019organisation fa\u00eeti\u00e8re des \u00e9coles de musique reconnues par le canton du Valais, soit le Conservatoire Cantonal de Musique, l\u2019\u00c9cole de Jazz et de Musique Actuelle du Valais et l\u2019Allgemeine Musikschule Oberwallis. Ses buts sont les suivants : L\u2019AEM-VS est membre de l\u2019Association Suisse des Ecoles de Musique [&hellip;]<\/p>\n","protected":false},"author":1,"featured_media":0,"parent":0,"menu_order":0,"comment_status":"closed","ping_status":"closed","template":"","meta":{"footnotes":""},"class_list":["post-105","page","type-page","status-publish","hentry"],"yoast_head":"<!-- This site is optimized with the Yoast SEO plugin v27.5 - https:\/\/yoast.com\/product\/yoast-seo-wordpress\/ -->\n<title>L&#039;association - AEM-WMS<\/title>\n<meta name=\"description\" content=\"D\u00e9couvrez le r\u00e9seau des associations musicales partenaires de l\u2019AEM-VS en Valais : ASEM Suisse, f\u00e9d\u00e9rations locales, soci\u00e9t\u00e9s musicales et soutiens \u00e0 l\u2019\u00e9ducation musicale. Coop\u00e9ration, \u00e9v\u00e9nements et d\u00e9fense des int\u00e9r\u00eats communs pour une sc\u00e8ne musicale dynamique.\u202f\" \/>\n<meta name=\"robots\" content=\"index, follow, max-snippet:-1, max-image-preview:large, max-video-preview:-1\" \/>\n<link rel=\"canonical\" href=\"https:\/\/escila.ch\/remi\/lassociation\/\" \/>\n<meta property=\"og:locale\" content=\"fr_FR\" \/>\n<meta property=\"og:type\" content=\"article\" \/>\n<meta property=\"og:title\" content=\"L&#039;association - AEM-WMS\" \/>\n<meta property=\"og:description\" content=\"D\u00e9couvrez le r\u00e9seau des associations musicales partenaires de l\u2019AEM-VS en Valais : ASEM Suisse, f\u00e9d\u00e9rations locales, soci\u00e9t\u00e9s musicales et soutiens \u00e0 l\u2019\u00e9ducation musicale. Coop\u00e9ration, \u00e9v\u00e9nements et d\u00e9fense des int\u00e9r\u00eats communs pour une sc\u00e8ne musicale dynamique.\u202f\" \/>\n<meta property=\"og:url\" content=\"https:\/\/escila.ch\/remi\/lassociation\/\" \/>\n<meta property=\"og:site_name\" content=\"AEM-WMS\" \/>\n<meta property=\"article:modified_time\" content=\"2026-04-22T14:56:13+00:00\" \/>\n<meta property=\"og:image\" content=\"https:\/\/escila.ch\/remi\/wp-content\/uploads\/2026\/02\/aem-vms-vs-nicolas_schwery-768x768-1.png\" \/>\n\t<meta property=\"og:image:width\" content=\"768\" \/>\n\t<meta property=\"og:image:height\" content=\"768\" \/>\n\t<meta property=\"og:image:type\" content=\"image\/png\" \/>\n<meta name=\"twitter:card\" content=\"summary_large_image\" \/>\n<meta name=\"twitter:label1\" content=\"Dur\u00e9e de lecture estim\u00e9e\" \/>\n\t<meta name=\"twitter:data1\" content=\"5 minutes\" \/>\n<script type=\"application\/ld+json\" class=\"yoast-schema-graph\">{\"@context\":\"https:\\\/\\\/schema.org\",\"@graph\":[{\"@type\":\"WebPage\",\"@id\":\"https:\\\/\\\/escila.ch\\\/remi\\\/lassociation\\\/\",\"url\":\"https:\\\/\\\/escila.ch\\\/remi\\\/lassociation\\\/\",\"name\":\"L'association - AEM-WMS\",\"isPartOf\":{\"@id\":\"https:\\\/\\\/escila.ch\\\/remi\\\/#website\"},\"primaryImageOfPage\":{\"@id\":\"https:\\\/\\\/escila.ch\\\/remi\\\/lassociation\\\/#primaryimage\"},\"image\":{\"@id\":\"https:\\\/\\\/escila.ch\\\/remi\\\/lassociation\\\/#primaryimage\"},\"thumbnailUrl\":\"https:\\\/\\\/escila.ch\\\/remi\\\/wp-content\\\/uploads\\\/2026\\\/02\\\/aem-vms-vs-nicolas_schwery-768x768-1.png\",\"datePublished\":\"2026-02-04T10:48:51+00:00\",\"dateModified\":\"2026-04-22T14:56:13+00:00\",\"description\":\"D\u00e9couvrez le r\u00e9seau des associations musicales partenaires de l\u2019AEM-VS en Valais : ASEM Suisse, f\u00e9d\u00e9rations locales, soci\u00e9t\u00e9s musicales et soutiens \u00e0 l\u2019\u00e9ducation musicale. Coop\u00e9ration, \u00e9v\u00e9nements et d\u00e9fense des int\u00e9r\u00eats communs pour une sc\u00e8ne musicale dynamique.\u202f\",\"breadcrumb\":{\"@id\":\"https:\\\/\\\/escila.ch\\\/remi\\\/lassociation\\\/#breadcrumb\"},\"inLanguage\":\"fr-FR\",\"potentialAction\":[{\"@type\":\"ReadAction\",\"target\":[\"https:\\\/\\\/escila.ch\\\/remi\\\/lassociation\\\/\"]}]},{\"@type\":\"ImageObject\",\"inLanguage\":\"fr-FR\",\"@id\":\"https:\\\/\\\/escila.ch\\\/remi\\\/lassociation\\\/#primaryimage\",\"url\":\"https:\\\/\\\/escila.ch\\\/remi\\\/wp-content\\\/uploads\\\/2026\\\/02\\\/aem-vms-vs-nicolas_schwery-768x768-1.png\",\"contentUrl\":\"https:\\\/\\\/escila.ch\\\/remi\\\/wp-content\\\/uploads\\\/2026\\\/02\\\/aem-vms-vs-nicolas_schwery-768x768-1.png\",\"width\":768,\"height\":768},{\"@type\":\"BreadcrumbList\",\"@id\":\"https:\\\/\\\/escila.ch\\\/remi\\\/lassociation\\\/#breadcrumb\",\"itemListElement\":[{\"@type\":\"ListItem\",\"position\":1,\"name\":\"Accueil\",\"item\":\"https:\\\/\\\/escila.ch\\\/remi\\\/\"},{\"@type\":\"ListItem\",\"position\":2,\"name\":\"L&rsquo;association\"}]},{\"@type\":\"WebSite\",\"@id\":\"https:\\\/\\\/escila.ch\\\/remi\\\/#website\",\"url\":\"https:\\\/\\\/escila.ch\\\/remi\\\/\",\"name\":\"AEM-VMS-VS\",\"description\":\"Association des \u00e9coles de musique Valaisanne\",\"publisher\":{\"@id\":\"https:\\\/\\\/escila.ch\\\/remi\\\/#organization\"},\"potentialAction\":[{\"@type\":\"SearchAction\",\"target\":{\"@type\":\"EntryPoint\",\"urlTemplate\":\"https:\\\/\\\/escila.ch\\\/remi\\\/?s={search_term_string}\"},\"query-input\":{\"@type\":\"PropertyValueSpecification\",\"valueRequired\":true,\"valueName\":\"search_term_string\"}}],\"inLanguage\":\"fr-FR\"},{\"@type\":\"Organization\",\"@id\":\"https:\\\/\\\/escila.ch\\\/remi\\\/#organization\",\"name\":\"Assocition des \u00c9coles de Musique Valaisanne\",\"url\":\"https:\\\/\\\/escila.ch\\\/remi\\\/\",\"logo\":{\"@type\":\"ImageObject\",\"inLanguage\":\"fr-FR\",\"@id\":\"https:\\\/\\\/escila.ch\\\/remi\\\/#\\\/schema\\\/logo\\\/image\\\/\",\"url\":\"https:\\\/\\\/escila.ch\\\/remi\\\/wp-content\\\/uploads\\\/2026\\\/02\\\/sansbaseline-logo-aem-vs-sans-serif-1536x905-1-e1771341847815.png\",\"contentUrl\":\"https:\\\/\\\/escila.ch\\\/remi\\\/wp-content\\\/uploads\\\/2026\\\/02\\\/sansbaseline-logo-aem-vs-sans-serif-1536x905-1-e1771341847815.png\",\"width\":1385,\"height\":665,\"caption\":\"Assocition des \u00c9coles de Musique Valaisanne\"},\"image\":{\"@id\":\"https:\\\/\\\/escila.ch\\\/remi\\\/#\\\/schema\\\/logo\\\/image\\\/\"},\"sameAs\":[\"https:\\\/\\\/www.youtube.com\\\/@AEM-VMS-VS\"]}]}<\/script>\n<!-- \/ Yoast SEO plugin. -->","yoast_head_json":{"title":"L'association - AEM-WMS","description":"D\u00e9couvrez le r\u00e9seau des associations musicales partenaires de l\u2019AEM-VS en Valais : ASEM Suisse, f\u00e9d\u00e9rations locales, soci\u00e9t\u00e9s musicales et soutiens \u00e0 l\u2019\u00e9ducation musicale. Coop\u00e9ration, \u00e9v\u00e9nements et d\u00e9fense des int\u00e9r\u00eats communs pour une sc\u00e8ne musicale dynamique.\u202f","robots":{"index":"index","follow":"follow","max-snippet":"max-snippet:-1","max-image-preview":"max-image-preview:large","max-video-preview":"max-video-preview:-1"},"canonical":"https:\/\/escila.ch\/remi\/lassociation\/","og_locale":"fr_FR","og_type":"article","og_title":"L'association - AEM-WMS","og_description":"D\u00e9couvrez le r\u00e9seau des associations musicales partenaires de l\u2019AEM-VS en Valais : ASEM Suisse, f\u00e9d\u00e9rations locales, soci\u00e9t\u00e9s musicales et soutiens \u00e0 l\u2019\u00e9ducation musicale. Coop\u00e9ration, \u00e9v\u00e9nements et d\u00e9fense des int\u00e9r\u00eats communs pour une sc\u00e8ne musicale dynamique.\u202f","og_url":"https:\/\/escila.ch\/remi\/lassociation\/","og_site_name":"AEM-WMS","article_modified_time":"2026-04-22T14:56:13+00:00","og_image":[{"width":768,"height":768,"url":"https:\/\/escila.ch\/remi\/wp-content\/uploads\/2026\/02\/aem-vms-vs-nicolas_schwery-768x768-1.png","type":"image\/png"}],"twitter_card":"summary_large_image","twitter_misc":{"Dur\u00e9e de lecture estim\u00e9e":"5 minutes"},"schema":{"@context":"https:\/\/schema.org","@graph":[{"@type":"WebPage","@id":"https:\/\/escila.ch\/remi\/lassociation\/","url":"https:\/\/escila.ch\/remi\/lassociation\/","name":"L'association - AEM-WMS","isPartOf":{"@id":"https:\/\/escila.ch\/remi\/#website"},"primaryImageOfPage":{"@id":"https:\/\/escila.ch\/remi\/lassociation\/#primaryimage"},"image":{"@id":"https:\/\/escila.ch\/remi\/lassociation\/#primaryimage"},"thumbnailUrl":"https:\/\/escila.ch\/remi\/wp-content\/uploads\/2026\/02\/aem-vms-vs-nicolas_schwery-768x768-1.png","datePublished":"2026-02-04T10:48:51+00:00","dateModified":"2026-04-22T14:56:13+00:00","description":"D\u00e9couvrez le r\u00e9seau des associations musicales partenaires de l\u2019AEM-VS en Valais : ASEM Suisse, f\u00e9d\u00e9rations locales, soci\u00e9t\u00e9s musicales et soutiens \u00e0 l\u2019\u00e9ducation musicale. Coop\u00e9ration, \u00e9v\u00e9nements et d\u00e9fense des int\u00e9r\u00eats communs pour une sc\u00e8ne musicale dynamique.\u202f","breadcrumb":{"@id":"https:\/\/escila.ch\/remi\/lassociation\/#breadcrumb"},"inLanguage":"fr-FR","potentialAction":[{"@type":"ReadAction","target":["https:\/\/escila.ch\/remi\/lassociation\/"]}]},{"@type":"ImageObject","inLanguage":"fr-FR","@id":"https:\/\/escila.ch\/remi\/lassociation\/#primaryimage","url":"https:\/\/escila.ch\/remi\/wp-content\/uploads\/2026\/02\/aem-vms-vs-nicolas_schwery-768x768-1.png","contentUrl":"https:\/\/escila.ch\/remi\/wp-content\/uploads\/2026\/02\/aem-vms-vs-nicolas_schwery-768x768-1.png","width":768,"height":768},{"@type":"BreadcrumbList","@id":"https:\/\/escila.ch\/remi\/lassociation\/#breadcrumb","itemListElement":[{"@type":"ListItem","position":1,"name":"Accueil","item":"https:\/\/escila.ch\/remi\/"},{"@type":"ListItem","position":2,"name":"L&rsquo;association"}]},{"@type":"WebSite","@id":"https:\/\/escila.ch\/remi\/#website","url":"https:\/\/escila.ch\/remi\/","name":"AEM-VMS-VS","description":"Association des \u00e9coles de musique Valaisanne","publisher":{"@id":"https:\/\/escila.ch\/remi\/#organization"},"potentialAction":[{"@type":"SearchAction","target":{"@type":"EntryPoint","urlTemplate":"https:\/\/escila.ch\/remi\/?s={search_term_string}"},"query-input":{"@type":"PropertyValueSpecification","valueRequired":true,"valueName":"search_term_string"}}],"inLanguage":"fr-FR"},{"@type":"Organization","@id":"https:\/\/escila.ch\/remi\/#organization","name":"Assocition des \u00c9coles de Musique Valaisanne","url":"https:\/\/escila.ch\/remi\/","logo":{"@type":"ImageObject","inLanguage":"fr-FR","@id":"https:\/\/escila.ch\/remi\/#\/schema\/logo\/image\/","url":"https:\/\/escila.ch\/remi\/wp-content\/uploads\/2026\/02\/sansbaseline-logo-aem-vs-sans-serif-1536x905-1-e1771341847815.png","contentUrl":"https:\/\/escila.ch\/remi\/wp-content\/uploads\/2026\/02\/sansbaseline-logo-aem-vs-sans-serif-1536x905-1-e1771341847815.png","width":1385,"height":665,"caption":"Assocition des \u00c9coles de Musique Valaisanne"},"image":{"@id":"https:\/\/escila.ch\/remi\/#\/schema\/logo\/image\/"},"sameAs":["https:\/\/www.youtube.com\/@AEM-VMS-VS"]}]}},"_links":{"self":[{"href":"https:\/\/escila.ch\/remi\/wp-json\/wp\/v2\/pages\/105","targetHints":{"allow":["GET"]}}],"collection":[{"href":"https:\/\/escila.ch\/remi\/wp-json\/wp\/v2\/pages"}],"about":[{"href":"https:\/\/escila.ch\/remi\/wp-json\/wp\/v2\/types\/page"}],"author":[{"embeddable":true,"href":"https:\/\/escila.ch\/remi\/wp-json\/wp\/v2\/users\/1"}],"replies":[{"embeddable":true,"href":"https:\/\/escila.ch\/remi\/wp-json\/wp\/v2\/comments?post=105"}],"version-history":[{"count":18,"href":"https:\/\/escila.ch\/remi\/wp-json\/wp\/v2\/pages\/105\/revisions"}],"predecessor-version":[{"id":684,"href":"https:\/\/escila.ch\/remi\/wp-json\/wp\/v2\/pages\/105\/revisions\/684"}],"wp:attachment":[{"href":"https:\/\/escila.ch\/remi\/wp-json\/wp\/v2\/media?parent=105"}],"curies":[{"name":"wp","href":"https:\/\/api.w.org\/{rel}","templated":true}]}}