{"id":93,"date":"2026-02-04T11:32:20","date_gmt":"2026-02-04T10:32:20","guid":{"rendered":"https:\/\/escila.ch\/remi\/?page_id=93"},"modified":"2026-02-17T09:25:18","modified_gmt":"2026-02-17T08:25:18","slug":"les-ecoles","status":"publish","type":"page","link":"https:\/\/escila.ch\/remi\/de\/les-ecoles\/","title":{"rendered":"Die Schulen"},"content":{"rendered":"<div style=\"height:49px\" aria-hidden=\"true\" class=\"wp-block-spacer\"><\/div>\n\n\n\n<div style=\"height:0px\" aria-hidden=\"true\" class=\"wp-block-spacer\"><\/div>\n\n\n\n<h1 class=\"wp-block-heading has-xx-large-font-size\"><strong>Die Schulen<\/strong><\/h1>\n\n\n\n<div class=\"wp-block-media-text has-media-on-the-right is-stacked-on-mobile\" style=\"border-width:1px;margin-top:var(--wp--preset--spacing--40);margin-right:0;margin-bottom:var(--wp--preset--spacing--40);margin-left:0;padding-top:var(--wp--preset--spacing--50);padding-right:var(--wp--preset--spacing--50);padding-bottom:var(--wp--preset--spacing--50);padding-left:var(--wp--preset--spacing--50)\"><div class=\"wp-block-media-text__content\">\n<p><a href=\"https:\/\/www.conservatoirevs.ch\/cms\/page\/view\/id\/1\" data-type=\"link\" data-id=\"https:\/\/www.conservatoirevs.ch\/cms\/page\/view\/id\/1\">Conservatoire Cantonal du Valais<\/a><\/p>\n<\/div><figure class=\"wp-block-media-text__media\"><a href=\"https:\/\/www.conservatoirevs.ch\/cms\/page\/view\/id\/1\"><img loading=\"lazy\" decoding=\"async\" width=\"972\" height=\"180\" src=\"https:\/\/escila.ch\/remi\/wp-content\/uploads\/2026\/02\/Capture-decran-2026-02-04-113611.png\" alt=\"\" class=\"wp-image-97 size-full\" srcset=\"https:\/\/escila.ch\/remi\/wp-content\/uploads\/2026\/02\/Capture-decran-2026-02-04-113611.png 972w, https:\/\/escila.ch\/remi\/wp-content\/uploads\/2026\/02\/Capture-decran-2026-02-04-113611-300x56.png 300w, https:\/\/escila.ch\/remi\/wp-content\/uploads\/2026\/02\/Capture-decran-2026-02-04-113611-768x142.png 768w\" sizes=\"auto, (max-width: 972px) 100vw, 972px\" \/><\/a><\/figure><\/div>\n\n\n\n<div class=\"wp-block-media-text is-stacked-on-mobile\" style=\"border-width:1px;margin-top:var(--wp--preset--spacing--40);margin-bottom:var(--wp--preset--spacing--40);padding-top:var(--wp--preset--spacing--50);padding-right:var(--wp--preset--spacing--50);padding-bottom:var(--wp--preset--spacing--50);padding-left:var(--wp--preset--spacing--50);grid-template-columns:37% auto\"><figure class=\"wp-block-media-text__media\"><a href=\"https:\/\/www.ejma-vs.ch\/\"><img loading=\"lazy\" decoding=\"async\" width=\"1024\" height=\"342\" src=\"https:\/\/escila.ch\/remi\/wp-content\/uploads\/2026\/02\/EJMA_Logo_RGB_POS-2978839614-1024x342.png\" alt=\"\" class=\"wp-image-98 size-full\" srcset=\"https:\/\/escila.ch\/remi\/wp-content\/uploads\/2026\/02\/EJMA_Logo_RGB_POS-2978839614-1024x342.png 1024w, https:\/\/escila.ch\/remi\/wp-content\/uploads\/2026\/02\/EJMA_Logo_RGB_POS-2978839614-300x100.png 300w, https:\/\/escila.ch\/remi\/wp-content\/uploads\/2026\/02\/EJMA_Logo_RGB_POS-2978839614-768x257.png 768w, https:\/\/escila.ch\/remi\/wp-content\/uploads\/2026\/02\/EJMA_Logo_RGB_POS-2978839614-1536x513.png 1536w, https:\/\/escila.ch\/remi\/wp-content\/uploads\/2026\/02\/EJMA_Logo_RGB_POS-2978839614.png 1817w\" sizes=\"auto, (max-width: 1024px) 100vw, 1024px\" \/><\/a><\/figure><div class=\"wp-block-media-text__content\">\n<p class=\"has-text-align-left\"><a href=\"https:\/\/www.ejma-vs.ch\/\" data-type=\"link\" data-id=\"https:\/\/www.ejma-vs.ch\/\">Walliser Jazz- und Popmusikschule<\/a><\/p>\n<\/div><\/div>\n\n\n\n<div style=\"margin-top:var(--wp--preset--spacing--20);margin-bottom:var(--wp--preset--spacing--20);height:0px\" aria-hidden=\"true\" class=\"wp-block-spacer\"><\/div>\n\n\n\n<div class=\"wp-block-media-text has-media-on-the-right is-stacked-on-mobile\" style=\"border-width:1px;margin-top:var(--wp--preset--spacing--40);margin-bottom:var(--wp--preset--spacing--40);padding-top:var(--wp--preset--spacing--30);padding-right:var(--wp--preset--spacing--50);padding-bottom:var(--wp--preset--spacing--30);padding-left:var(--wp--preset--spacing--50);grid-template-columns:auto 37%\"><div class=\"wp-block-media-text__content\">\n<p><a href=\"https:\/\/www.amovisp.ch\/\">Allgemeine Musik Oberwallis<\/a><\/p>\n<\/div><figure class=\"wp-block-media-text__media\"><a href=\"https:\/\/www.amovisp.ch\/\"><img loading=\"lazy\" decoding=\"async\" width=\"360\" height=\"200\" src=\"https:\/\/escila.ch\/remi\/wp-content\/uploads\/2026\/02\/logo@2x.png\" alt=\"\" class=\"wp-image-100 size-full\" srcset=\"https:\/\/escila.ch\/remi\/wp-content\/uploads\/2026\/02\/logo@2x.png 360w, https:\/\/escila.ch\/remi\/wp-content\/uploads\/2026\/02\/logo@2x-300x167.png 300w\" sizes=\"auto, (max-width: 360px) 100vw, 360px\" \/><\/a><\/figure><\/div>\n\n\n\n<p><\/p>","protected":false},"excerpt":{"rendered":"<p>Les \u00e9coles Conservatoire Cantonal du Valais \u00c9cole de Jazz et de Musique Actuelle du Valais Allgemeine Musik Oberwallis<\/p>","protected":false},"author":1,"featured_media":0,"parent":0,"menu_order":0,"comment_status":"closed","ping_status":"closed","template":"","meta":{"footnotes":""},"class_list":["post-93","page","type-page","status-publish","hentry"],"yoast_head":"<!-- This site is optimized with the Yoast SEO plugin v27.5 - https:\/\/yoast.com\/product\/yoast-seo-wordpress\/ -->\n<title>Les \u00e9coles - AEM-WMS<\/title>\n<meta name=\"description\" content=\"\u202fD\u00e9couvrez les \u00e9coles de musique reconnues par l\u2019AEM-VS : Conservatoire Cantonal, \u00c9cole de Jazz et Musique Actuelle, Allgemeine Musikschule Oberwallis. Formations de qualit\u00e9, coop\u00e9ration et soutien \u00e0 l\u2019\u00e9ducation musicale en Valais\" \/>\n<meta name=\"robots\" content=\"index, follow, max-snippet:-1, max-image-preview:large, max-video-preview:-1\" \/>\n<link rel=\"canonical\" href=\"https:\/\/escila.ch\/remi\/de\/les-ecoles\/\" \/>\n<meta property=\"og:locale\" content=\"de_DE\" \/>\n<meta property=\"og:type\" content=\"article\" \/>\n<meta property=\"og:title\" content=\"Les \u00e9coles - AEM-WMS\" \/>\n<meta property=\"og:description\" content=\"\u202fD\u00e9couvrez les \u00e9coles de musique reconnues par l\u2019AEM-VS : Conservatoire Cantonal, \u00c9cole de Jazz et Musique Actuelle, Allgemeine Musikschule Oberwallis. Formations de qualit\u00e9, coop\u00e9ration et soutien \u00e0 l\u2019\u00e9ducation musicale en Valais\" \/>\n<meta property=\"og:url\" content=\"https:\/\/escila.ch\/remi\/de\/les-ecoles\/\" \/>\n<meta property=\"og:site_name\" content=\"AEM-WMS\" \/>\n<meta property=\"article:modified_time\" content=\"2026-02-17T08:25:18+00:00\" \/>\n<meta property=\"og:image\" content=\"https:\/\/escila.ch\/remi\/wp-content\/uploads\/2026\/02\/Capture-decran-2026-02-04-113611.png\" \/>\n\t<meta property=\"og:image:width\" content=\"972\" \/>\n\t<meta property=\"og:image:height\" content=\"180\" \/>\n\t<meta property=\"og:image:type\" content=\"image\/png\" \/>\n<meta name=\"twitter:card\" content=\"summary_large_image\" \/>\n<meta name=\"twitter:label1\" content=\"Gesch\u00e4tzte Lesezeit\" \/>\n\t<meta name=\"twitter:data1\" content=\"1\u00a0Minute\" \/>\n<script type=\"application\/ld+json\" class=\"yoast-schema-graph\">{\"@context\":\"https:\\\/\\\/schema.org\",\"@graph\":[{\"@type\":\"WebPage\",\"@id\":\"https:\\\/\\\/escila.ch\\\/remi\\\/les-ecoles\\\/\",\"url\":\"https:\\\/\\\/escila.ch\\\/remi\\\/les-ecoles\\\/\",\"name\":\"Les \u00e9coles - AEM-WMS\",\"isPartOf\":{\"@id\":\"https:\\\/\\\/escila.ch\\\/remi\\\/#website\"},\"primaryImageOfPage\":{\"@id\":\"https:\\\/\\\/escila.ch\\\/remi\\\/les-ecoles\\\/#primaryimage\"},\"image\":{\"@id\":\"https:\\\/\\\/escila.ch\\\/remi\\\/les-ecoles\\\/#primaryimage\"},\"thumbnailUrl\":\"https:\\\/\\\/escila.ch\\\/remi\\\/wp-content\\\/uploads\\\/2026\\\/02\\\/Capture-decran-2026-02-04-113611.png\",\"datePublished\":\"2026-02-04T10:32:20+00:00\",\"dateModified\":\"2026-02-17T08:25:18+00:00\",\"description\":\"\u202fD\u00e9couvrez les \u00e9coles de musique reconnues par l\u2019AEM-VS : Conservatoire Cantonal, \u00c9cole de Jazz et Musique Actuelle, Allgemeine Musikschule Oberwallis. Formations de qualit\u00e9, coop\u00e9ration et soutien \u00e0 l\u2019\u00e9ducation musicale en Valais\",\"breadcrumb\":{\"@id\":\"https:\\\/\\\/escila.ch\\\/remi\\\/les-ecoles\\\/#breadcrumb\"},\"inLanguage\":\"de-CH\",\"potentialAction\":[{\"@type\":\"ReadAction\",\"target\":[\"https:\\\/\\\/escila.ch\\\/remi\\\/les-ecoles\\\/\"]}]},{\"@type\":\"ImageObject\",\"inLanguage\":\"de-CH\",\"@id\":\"https:\\\/\\\/escila.ch\\\/remi\\\/les-ecoles\\\/#primaryimage\",\"url\":\"https:\\\/\\\/escila.ch\\\/remi\\\/wp-content\\\/uploads\\\/2026\\\/02\\\/Capture-decran-2026-02-04-113611.png\",\"contentUrl\":\"https:\\\/\\\/escila.ch\\\/remi\\\/wp-content\\\/uploads\\\/2026\\\/02\\\/Capture-decran-2026-02-04-113611.png\"},{\"@type\":\"BreadcrumbList\",\"@id\":\"https:\\\/\\\/escila.ch\\\/remi\\\/les-ecoles\\\/#breadcrumb\",\"itemListElement\":[{\"@type\":\"ListItem\",\"position\":1,\"name\":\"Accueil\",\"item\":\"https:\\\/\\\/escila.ch\\\/remi\\\/\"},{\"@type\":\"ListItem\",\"position\":2,\"name\":\"Les \u00e9coles\"}]},{\"@type\":\"WebSite\",\"@id\":\"https:\\\/\\\/escila.ch\\\/remi\\\/#website\",\"url\":\"https:\\\/\\\/escila.ch\\\/remi\\\/\",\"name\":\"AEM-VMS-VS\",\"description\":\"Association des \u00e9coles de musique Valaisanne\",\"publisher\":{\"@id\":\"https:\\\/\\\/escila.ch\\\/remi\\\/#organization\"},\"potentialAction\":[{\"@type\":\"SearchAction\",\"target\":{\"@type\":\"EntryPoint\",\"urlTemplate\":\"https:\\\/\\\/escila.ch\\\/remi\\\/?s={search_term_string}\"},\"query-input\":{\"@type\":\"PropertyValueSpecification\",\"valueRequired\":true,\"valueName\":\"search_term_string\"}}],\"inLanguage\":\"de-CH\"},{\"@type\":\"Organization\",\"@id\":\"https:\\\/\\\/escila.ch\\\/remi\\\/#organization\",\"name\":\"Assocition des \u00c9coles de Musique Valaisanne\",\"url\":\"https:\\\/\\\/escila.ch\\\/remi\\\/\",\"logo\":{\"@type\":\"ImageObject\",\"inLanguage\":\"de-CH\",\"@id\":\"https:\\\/\\\/escila.ch\\\/remi\\\/#\\\/schema\\\/logo\\\/image\\\/\",\"url\":\"https:\\\/\\\/escila.ch\\\/remi\\\/wp-content\\\/uploads\\\/2026\\\/02\\\/sansbaseline-logo-aem-vs-sans-serif-1536x905-1-e1771341847815.png\",\"contentUrl\":\"https:\\\/\\\/escila.ch\\\/remi\\\/wp-content\\\/uploads\\\/2026\\\/02\\\/sansbaseline-logo-aem-vs-sans-serif-1536x905-1-e1771341847815.png\",\"width\":1385,\"height\":665,\"caption\":\"Assocition des \u00c9coles de Musique Valaisanne\"},\"image\":{\"@id\":\"https:\\\/\\\/escila.ch\\\/remi\\\/#\\\/schema\\\/logo\\\/image\\\/\"},\"sameAs\":[\"https:\\\/\\\/www.youtube.com\\\/@AEM-VMS-VS\"]}]}<\/script>\n<!-- \/ Yoast SEO plugin. -->","yoast_head_json":{"title":"Les \u00e9coles - AEM-WMS","description":"\u202fD\u00e9couvrez les \u00e9coles de musique reconnues par l\u2019AEM-VS : Conservatoire Cantonal, \u00c9cole de Jazz et Musique Actuelle, Allgemeine Musikschule Oberwallis. Formations de qualit\u00e9, coop\u00e9ration et soutien \u00e0 l\u2019\u00e9ducation musicale en Valais","robots":{"index":"index","follow":"follow","max-snippet":"max-snippet:-1","max-image-preview":"max-image-preview:large","max-video-preview":"max-video-preview:-1"},"canonical":"https:\/\/escila.ch\/remi\/de\/les-ecoles\/","og_locale":"de_DE","og_type":"article","og_title":"Les \u00e9coles - AEM-WMS","og_description":"\u202fD\u00e9couvrez les \u00e9coles de musique reconnues par l\u2019AEM-VS : Conservatoire Cantonal, \u00c9cole de Jazz et Musique Actuelle, Allgemeine Musikschule Oberwallis. Formations de qualit\u00e9, coop\u00e9ration et soutien \u00e0 l\u2019\u00e9ducation musicale en Valais","og_url":"https:\/\/escila.ch\/remi\/de\/les-ecoles\/","og_site_name":"AEM-WMS","article_modified_time":"2026-02-17T08:25:18+00:00","og_image":[{"width":972,"height":180,"url":"https:\/\/escila.ch\/remi\/wp-content\/uploads\/2026\/02\/Capture-decran-2026-02-04-113611.png","type":"image\/png"}],"twitter_card":"summary_large_image","twitter_misc":{"Gesch\u00e4tzte Lesezeit":"1\u00a0Minute"},"schema":{"@context":"https:\/\/schema.org","@graph":[{"@type":"WebPage","@id":"https:\/\/escila.ch\/remi\/les-ecoles\/","url":"https:\/\/escila.ch\/remi\/les-ecoles\/","name":"Les \u00e9coles - AEM-WMS","isPartOf":{"@id":"https:\/\/escila.ch\/remi\/#website"},"primaryImageOfPage":{"@id":"https:\/\/escila.ch\/remi\/les-ecoles\/#primaryimage"},"image":{"@id":"https:\/\/escila.ch\/remi\/les-ecoles\/#primaryimage"},"thumbnailUrl":"https:\/\/escila.ch\/remi\/wp-content\/uploads\/2026\/02\/Capture-decran-2026-02-04-113611.png","datePublished":"2026-02-04T10:32:20+00:00","dateModified":"2026-02-17T08:25:18+00:00","description":"\u202fD\u00e9couvrez les \u00e9coles de musique reconnues par l\u2019AEM-VS : Conservatoire Cantonal, \u00c9cole de Jazz et Musique Actuelle, Allgemeine Musikschule Oberwallis. Formations de qualit\u00e9, coop\u00e9ration et soutien \u00e0 l\u2019\u00e9ducation musicale en Valais","breadcrumb":{"@id":"https:\/\/escila.ch\/remi\/les-ecoles\/#breadcrumb"},"inLanguage":"de-CH","potentialAction":[{"@type":"ReadAction","target":["https:\/\/escila.ch\/remi\/les-ecoles\/"]}]},{"@type":"ImageObject","inLanguage":"de-CH","@id":"https:\/\/escila.ch\/remi\/les-ecoles\/#primaryimage","url":"https:\/\/escila.ch\/remi\/wp-content\/uploads\/2026\/02\/Capture-decran-2026-02-04-113611.png","contentUrl":"https:\/\/escila.ch\/remi\/wp-content\/uploads\/2026\/02\/Capture-decran-2026-02-04-113611.png"},{"@type":"BreadcrumbList","@id":"https:\/\/escila.ch\/remi\/les-ecoles\/#breadcrumb","itemListElement":[{"@type":"ListItem","position":1,"name":"Accueil","item":"https:\/\/escila.ch\/remi\/"},{"@type":"ListItem","position":2,"name":"Les \u00e9coles"}]},{"@type":"WebSite","@id":"https:\/\/escila.ch\/remi\/#website","url":"https:\/\/escila.ch\/remi\/","name":"AEM-VMS-VS","description":"Association des \u00e9coles de musique Valaisanne","publisher":{"@id":"https:\/\/escila.ch\/remi\/#organization"},"potentialAction":[{"@type":"SearchAction","target":{"@type":"EntryPoint","urlTemplate":"https:\/\/escila.ch\/remi\/?s={search_term_string}"},"query-input":{"@type":"PropertyValueSpecification","valueRequired":true,"valueName":"search_term_string"}}],"inLanguage":"de-CH"},{"@type":"Organization","@id":"https:\/\/escila.ch\/remi\/#organization","name":"Assocition des \u00c9coles de Musique Valaisanne","url":"https:\/\/escila.ch\/remi\/","logo":{"@type":"ImageObject","inLanguage":"de-CH","@id":"https:\/\/escila.ch\/remi\/#\/schema\/logo\/image\/","url":"https:\/\/escila.ch\/remi\/wp-content\/uploads\/2026\/02\/sansbaseline-logo-aem-vs-sans-serif-1536x905-1-e1771341847815.png","contentUrl":"https:\/\/escila.ch\/remi\/wp-content\/uploads\/2026\/02\/sansbaseline-logo-aem-vs-sans-serif-1536x905-1-e1771341847815.png","width":1385,"height":665,"caption":"Assocition des \u00c9coles de Musique Valaisanne"},"image":{"@id":"https:\/\/escila.ch\/remi\/#\/schema\/logo\/image\/"},"sameAs":["https:\/\/www.youtube.com\/@AEM-VMS-VS"]}]}},"_links":{"self":[{"href":"https:\/\/escila.ch\/remi\/de\/wp-json\/wp\/v2\/pages\/93","targetHints":{"allow":["GET"]}}],"collection":[{"href":"https:\/\/escila.ch\/remi\/de\/wp-json\/wp\/v2\/pages"}],"about":[{"href":"https:\/\/escila.ch\/remi\/de\/wp-json\/wp\/v2\/types\/page"}],"author":[{"embeddable":true,"href":"https:\/\/escila.ch\/remi\/de\/wp-json\/wp\/v2\/users\/1"}],"replies":[{"embeddable":true,"href":"https:\/\/escila.ch\/remi\/de\/wp-json\/wp\/v2\/comments?post=93"}],"version-history":[{"count":15,"href":"https:\/\/escila.ch\/remi\/de\/wp-json\/wp\/v2\/pages\/93\/revisions"}],"predecessor-version":[{"id":574,"href":"https:\/\/escila.ch\/remi\/de\/wp-json\/wp\/v2\/pages\/93\/revisions\/574"}],"wp:attachment":[{"href":"https:\/\/escila.ch\/remi\/de\/wp-json\/wp\/v2\/media?parent=93"}],"curies":[{"name":"wp","href":"https:\/\/api.w.org\/{rel}","templated":true}]}}