{"id":90,"date":"2026-02-04T13:34:22","date_gmt":"2026-02-04T12:34:22","guid":{"rendered":"https:\/\/escila.ch\/remi\/?page_id=90"},"modified":"2026-04-29T17:01:07","modified_gmt":"2026-04-29T15:01:07","slug":"aemvs-association-des-ecoles-de-musique-valaisannes","status":"publish","type":"page","link":"https:\/\/escila.ch\/remi\/de\/","title":{"rendered":"Accueil"},"content":{"rendered":"<div class=\"wp-block-cover alignfull is-light has-accent-1-color has-text-color has-link-color wp-elements-ca0235496b1f95c88e8b28ebc0aa212a\" style=\"border-top-left-radius:0px;border-top-right-radius:0px;border-bottom-left-radius:0px;border-bottom-right-radius:0px;margin-top:0;margin-bottom:0;padding-top:200px;padding-right:var(--wp--preset--spacing--50);padding-bottom:200px;padding-left:var(--wp--preset--spacing--50);min-height:100vh;aspect-ratio:unset;\"><video class=\"wp-block-cover__video-background intrinsic-ignore\" autoplay muted loop playsinline src=\"https:\/\/escila.ch\/remi\/wp-content\/uploads\/2026\/02\/Jeunes-talents-musique-Valais-2026_V1_1.mp4\" data-object-fit=\"cover\"><\/video><span aria-hidden=\"true\" class=\"wp-block-cover__background has-contrast-background-color has-background-dim\"><\/span><div class=\"wp-block-cover__inner-container has-global-padding is-layout-constrained wp-container-core-cover-is-layout-41b4ed18 wp-block-cover-is-layout-constrained\">\n<h1 class=\"wp-block-heading has-text-align-center has-base-color has-text-color has-link-color wp-elements-ae83483cac3b3cd7f253ce2be4f51f61\" style=\"font-size:clamp(2.629rem, 2.629rem + ((1vw - 0.2rem) * 3.719), 5rem);font-style:normal;font-weight:700\">Association des \u00c9coles de Musique du Valais<\/h1>\n\n\n\n<div class=\"wp-block-buttons is-content-justification-center is-layout-flex wp-container-core-buttons-is-layout-a89b3969 wp-block-buttons-is-layout-flex\">\n<div class=\"wp-block-button bouton1\"><a class=\"wp-block-button__link has-contrast-color has-base-background-color has-text-color has-background has-link-color has-border-color has-base-border-color wp-element-button\" href=\"https:\/\/escila.ch\/remi\/de\/lassociation\/\" style=\"border-width:1px;padding-top:var(--wp--preset--spacing--30);padding-right:var(--wp--preset--spacing--50);padding-bottom:var(--wp--preset--spacing--30);padding-left:var(--wp--preset--spacing--50)\">Informations<\/a><\/div>\n<\/div>\n<\/div><\/div>\n\n\n\n<div class=\"wp-block-group alignfull is-style-section-1 has-base-background-color has-background has-global-padding is-layout-constrained wp-block-group-is-layout-constrained is-style-section-1--1\" style=\"margin-top:0;margin-bottom:0;padding-top:var(--wp--preset--spacing--80);padding-bottom:var(--wp--preset--spacing--80)\">\n<div class=\"wp-block-columns alignfull is-layout-flex wp-container-core-columns-is-layout-28f84493 wp-block-columns-is-layout-flex\">\n<div class=\"wp-block-column is-layout-flow wp-block-column-is-layout-flow\" style=\"flex-basis:50%\">\n<div class=\"wp-block-cover is-light has-aspect-ratio\" style=\"border-width:1px;margin-top:32px;margin-bottom:32px;padding-top:0;padding-right:0;padding-bottom:0;padding-left:0;box-shadow:var(--wp--preset--shadow--natural);min-height:600px;aspect-ratio:4\/3;min-height:unset;\"><span aria-hidden=\"true\" class=\"wp-block-cover__background has-accent-5-background-color has-background-dim-100 has-background-dim\"><\/span><div class=\"wp-block-cover__inner-container is-layout-flow wp-container-core-cover-is-layout-c10f86e6 wp-block-cover-is-layout-flow\">\n<figure class=\"wp-block-image aligncenter size-medium is-resized\"><img loading=\"lazy\" decoding=\"async\" width=\"168\" height=\"300\" src=\"https:\/\/escila.ch\/remi\/wp-content\/uploads\/2026\/02\/Photo-7-5-168x300.jpg\" alt=\"\" class=\"wp-image-365\" style=\"aspect-ratio:0.5600068628292013;width:295px;height:auto\" srcset=\"https:\/\/escila.ch\/remi\/wp-content\/uploads\/2026\/02\/Photo-7-5-168x300.jpg 168w, https:\/\/escila.ch\/remi\/wp-content\/uploads\/2026\/02\/Photo-7-5-575x1024.jpg 575w, https:\/\/escila.ch\/remi\/wp-content\/uploads\/2026\/02\/Photo-7-5-768x1368.jpg 768w, https:\/\/escila.ch\/remi\/wp-content\/uploads\/2026\/02\/Photo-7-5-863x1536.jpg 863w, https:\/\/escila.ch\/remi\/wp-content\/uploads\/2026\/02\/Photo-7-5.jpg 1150w\" sizes=\"auto, (max-width: 168px) 100vw, 168px\" \/><\/figure>\n<\/div><\/div>\n<\/div>\n\n\n\n<div class=\"wp-block-column is-vertically-aligned-center has-large-font-size is-layout-flow wp-block-column-is-layout-flow\" style=\"padding-top:1em;padding-right:1em;padding-bottom:1em;padding-left:1em\">\n<h2 class=\"wp-block-heading has-text-align-right is-style-text-annotation is-style-text-annotation--2\">Intro<\/h2>\n\n\n\n<div class=\"wp-block-columns is-layout-flex wp-container-core-columns-is-layout-28f84493 wp-block-columns-is-layout-flex\">\n<div class=\"wp-block-column is-layout-flow wp-block-column-is-layout-flow\" style=\"flex-basis:320px\">\n<p class=\"has-large-font-size\" style=\"margin-right:0;margin-left:0;padding-top:0;padding-right:0;padding-bottom:0;padding-left:0;line-height:1.6\">Der VMS Wallis \u2013 Verband Musikschulen Schweiz unterst\u00fctzt und f\u00f6rdert die musikalische Ausbildung junger Walliser Talente. Jedes Jahr organisiert der Verband Wettbewerbe, die f\u00fcr eine grosse Vielfalt an Stilrichtungen offen sind \u2013 von Klassik \u00fcber Jazz bis hin zu Rock. Diese bieten den Sch\u00fclerinnen und Sch\u00fclern die Gelegenheit, vor einer Fachjury aufzutreten und sich um F\u00f6rderstipendien zu bewerben.<\/p>\n<\/div>\n<\/div>\n<\/div>\n<\/div>\n\n\n\n<div class=\"wp-block-columns alignwide is-layout-flex wp-container-core-columns-is-layout-66fad18a wp-block-columns-is-layout-flex\">\n<div class=\"wp-block-column is-vertically-aligned-center is-layout-flow wp-block-column-is-layout-flow\" style=\"padding-right:0;padding-left:0;flex-basis:50%\">\n<div class=\"wp-block-group is-nowrap is-layout-flex wp-container-core-group-is-layout-6c531013 wp-block-group-is-layout-flex\">\n<div style=\"height:100px;width:0px\" aria-hidden=\"true\" class=\"wp-block-spacer wp-container-content-6388d5dc\"><\/div>\n<\/div>\n<\/div>\n\n\n\n<div class=\"wp-block-column is-layout-flow wp-block-column-is-layout-flow\" style=\"border-width:1px;padding-right:0;padding-left:0\">\n<figure class=\"wp-block-image size-large\"><a href=\"https:\/\/escila.ch\/remi\/de\/lassociation\/\"><img loading=\"lazy\" decoding=\"async\" width=\"1024\" height=\"575\" src=\"https:\/\/escila.ch\/remi\/wp-content\/uploads\/2026\/02\/Photo-6-2-1024x575.jpg\" alt=\"\" class=\"wp-image-322\" srcset=\"https:\/\/escila.ch\/remi\/wp-content\/uploads\/2026\/02\/Photo-6-2-1024x575.jpg 1024w, https:\/\/escila.ch\/remi\/wp-content\/uploads\/2026\/02\/Photo-6-2-300x168.jpg 300w, https:\/\/escila.ch\/remi\/wp-content\/uploads\/2026\/02\/Photo-6-2-768x431.jpg 768w, https:\/\/escila.ch\/remi\/wp-content\/uploads\/2026\/02\/Photo-6-2-1536x863.jpg 1536w, https:\/\/escila.ch\/remi\/wp-content\/uploads\/2026\/02\/Photo-6-2.jpg 2048w\" sizes=\"auto, (max-width: 1024px) 100vw, 1024px\" \/><\/a><\/figure>\n\n\n\n<p class=\"has-x-large-font-size\" style=\"padding-top:var(--wp--preset--spacing--20);padding-right:var(--wp--preset--spacing--40);padding-bottom:var(--wp--preset--spacing--20);padding-left:var(--wp--preset--spacing--40);font-style:normal;font-weight:600\"><a href=\"https:\/\/escila.ch\/remi\/de\/lassociation\/\" type=\"link\" id=\"https:\/\/escila.ch\/remi\/lassociation\/\">Vorstand<\/a><\/p>\n\n\n\n<p class=\"has-large-font-size\" style=\"padding-right:var(--wp--preset--spacing--40);padding-left:var(--wp--preset--spacing--40)\">Gegr\u00fcndet am 7. November 2013 ist der Verband der Walliser Musikschulen (AEM-VS) die Dachorganisation der vom Kanton Wallis anerkannten Musikschulen, n\u00e4mlich des Kantonalen Konservatoriums f\u00fcr Musik, der Jazz- und aktuellen Musikschule des Wallis sowie der Allgemeinen Musikschule Oberwallis.\u202f<\/p>\n\n\n\n<div style=\"margin-top:0;margin-bottom:0;height:80px\" aria-hidden=\"true\" class=\"wp-block-spacer\"><\/div>\n<\/div>\n<\/div>\n\n\n\n<div class=\"wp-block-group alignfull is-style-section-4 has-contrast-background-color has-background has-global-padding is-layout-constrained wp-container-core-group-is-layout-a307af8a wp-block-group-is-layout-constrained is-style-section-4--3\" style=\"min-height:0vh;margin-top:0;margin-bottom:0;padding-top:0;padding-right:0;padding-bottom:0;padding-left:0\">\n<div style=\"margin-top:var(--wp--preset--spacing--30);margin-bottom:var(--wp--preset--spacing--30);height:0px\" aria-hidden=\"true\" class=\"wp-block-spacer\"><\/div>\n\n\n\n<div class=\"wp-block-columns alignfull are-vertically-aligned-center has-border-color has-accent-4-border-color has-contrast-background-color has-background is-layout-flex wp-container-core-columns-is-layout-28f84493 wp-block-columns-is-layout-flex\" style=\"border-width:1px;box-shadow:var(--wp--preset--shadow--deep)\">\n<div class=\"wp-block-column is-vertically-aligned-center is-layout-flow wp-block-column-is-layout-flow\">\n<div class=\"wp-block-group is-layout-flow wp-block-group-is-layout-flow\" style=\"padding-top:var(--wp--preset--spacing--50);padding-right:var(--wp--preset--spacing--50);padding-bottom:var(--wp--preset--spacing--50);padding-left:var(--wp--preset--spacing--50)\">\n<h2 class=\"wp-block-heading has-text-align-center has-base-color has-text-color has-link-color wp-elements-5c4f61727efcd83f632ea8e9e24cdf8c\">Junge Talente Musik 2026 in Bildern<\/h2>\n\n\n\n<div class=\"wp-block-buttons is-content-justification-center is-layout-flex wp-container-core-buttons-is-layout-a89b3969 wp-block-buttons-is-layout-flex\">\n<div class=\"wp-block-button bouton1\"><a class=\"wp-block-button__link has-contrast-color has-base-background-color has-text-color has-background has-link-color has-border-color has-contrast-border-color wp-element-button\" href=\"https:\/\/escila.ch\/remi\/de\/galerie-dimage\/\" style=\"border-width:1px;padding-top:var(--wp--preset--spacing--20);padding-right:var(--wp--preset--spacing--40);padding-bottom:var(--wp--preset--spacing--20);padding-left:var(--wp--preset--spacing--40)\">Galerie<\/a><\/div>\n<\/div>\n\n\n\n<p class=\"has-text-align-center has-base-color has-text-color has-link-color has-large-font-size wp-elements-9138a0e1322da29e9de13bbb6ef7d312\" style=\"font-style:normal;font-weight:300\">Ein ereignisreiches Jahr voller Emotionen und Musik. Entdecke jetzt die Highlights der Junge Talente Musik 2026 in unserer Fotogalerie. <\/p>\n<\/div>\n<\/div>\n\n\n\n<div class=\"wp-block-column is-vertically-aligned-center is-layout-flow wp-block-column-is-layout-flow\">\n<div class=\"wp-block-cover has-border-color has-accent-4-border-color\" style=\"border-width:1px;box-shadow:var(--wp--preset--shadow--natural);min-height:599px;aspect-ratio:unset;\"><img loading=\"lazy\" decoding=\"async\" width=\"1024\" height=\"575\" class=\"wp-block-cover__image-background wp-image-417 size-large\" alt=\"\" src=\"https:\/\/escila.ch\/remi\/wp-content\/uploads\/2026\/02\/Photo-13-3-1024x575.jpg\" data-object-fit=\"cover\" srcset=\"https:\/\/escila.ch\/remi\/wp-content\/uploads\/2026\/02\/Photo-13-3-1024x575.jpg 1024w, https:\/\/escila.ch\/remi\/wp-content\/uploads\/2026\/02\/Photo-13-3-300x168.jpg 300w, https:\/\/escila.ch\/remi\/wp-content\/uploads\/2026\/02\/Photo-13-3-768x431.jpg 768w, https:\/\/escila.ch\/remi\/wp-content\/uploads\/2026\/02\/Photo-13-3-1536x863.jpg 1536w, https:\/\/escila.ch\/remi\/wp-content\/uploads\/2026\/02\/Photo-13-3.jpg 2048w\" sizes=\"auto, (max-width: 1024px) 100vw, 1024px\" \/><span aria-hidden=\"true\" class=\"wp-block-cover__background has-background-dim-0 has-background-dim\" style=\"background-color:#2e2424\"><\/span><div class=\"wp-block-cover__inner-container is-layout-flow wp-block-cover-is-layout-flow\">\n<div style=\"height:var(--wp--preset--spacing--20)\" aria-hidden=\"true\" class=\"wp-block-spacer\"><\/div>\n<\/div><\/div>\n<\/div>\n<\/div>\n<\/div>\n\n\n\n<figure class=\"wp-block-video\"><\/figure>\n\n\n\n<div style=\"height:67px\" aria-hidden=\"true\" class=\"wp-block-spacer\"><\/div>\n\n\n\n<div class=\"wp-block-columns is-layout-flex wp-container-core-columns-is-layout-c07ace36 wp-block-columns-is-layout-flex\" style=\"margin-top:0;margin-bottom:0;padding-top:0;padding-right:0;padding-bottom:0;padding-left:0\">\n<div class=\"wp-block-column has-accent-5-background-color has-background is-layout-flow wp-container-core-column-is-layout-6a27151a wp-block-column-is-layout-flow\" style=\"border-width:1px;padding-top:var(--wp--preset--spacing--30);padding-right:var(--wp--preset--spacing--30);padding-bottom:var(--wp--preset--spacing--30);padding-left:var(--wp--preset--spacing--30);box-shadow:var(--wp--preset--shadow--natural)\">\n<figure class=\"wp-block-image aligncenter size-full is-resized\"><img loading=\"lazy\" decoding=\"async\" width=\"768\" height=\"451\" src=\"https:\/\/escila.ch\/remi\/wp-content\/uploads\/2026\/02\/JEUNES-TALENTS-MUSIQUE-n-768x451-2.png\" alt=\"\" class=\"wp-image-433\" style=\"aspect-ratio:1.7029802153769096;width:310px;height:auto\" srcset=\"https:\/\/escila.ch\/remi\/wp-content\/uploads\/2026\/02\/JEUNES-TALENTS-MUSIQUE-n-768x451-2.png 768w, https:\/\/escila.ch\/remi\/wp-content\/uploads\/2026\/02\/JEUNES-TALENTS-MUSIQUE-n-768x451-2-300x176.png 300w\" sizes=\"auto, (max-width: 768px) 100vw, 768px\" \/><\/figure>\n\n\n\n<p class=\"has-medium-font-size\">Tu es un(e) jeune musicien(ne), tu as du talent et tu es motiv\u00e9(e) ? D\u00e9croche une bourse Jeunes Talents Musique Valais et suis de nouvelles formations vari\u00e9es et enrichissantes !<\/p>\n\n\n\n<div style=\"height:23px\" aria-hidden=\"true\" class=\"wp-block-spacer\"><\/div>\n\n\n\n<div class=\"wp-block-buttons is-content-justification-center is-layout-flex wp-container-core-buttons-is-layout-a89b3969 wp-block-buttons-is-layout-flex\">\n<div class=\"wp-block-button\"><a class=\"wp-block-button__link wp-element-button\" href=\"https:\/\/escila.ch\/remi\/de\/jeunes-talents-musiques\/\">informations<\/a><\/div>\n<\/div>\n<\/div>\n<\/div>\n\n\n\n<div style=\"height:23px\" aria-hidden=\"true\" class=\"wp-block-spacer\"><\/div>\n\n\n\n<div class=\"wp-block-group has-global-padding is-layout-constrained wp-block-group-is-layout-constrained\">\n<h2 class=\"wp-block-heading\"><strong>Pour plus d&rsquo;informations contactez-nous par mail<\/strong><\/h2>\n\n\n\n<div style=\"height:25px\" aria-hidden=\"true\" class=\"wp-block-spacer\"><\/div>\n\n\n\n<div class=\"wp-block-contact-form-7-contact-form-selector\">\n<div class=\"wpcf7 no-js\" id=\"wpcf7-f465-o1\" lang=\"fr-FR\" dir=\"ltr\" data-wpcf7-id=\"465\">\n<div class=\"screen-reader-response\"><p role=\"status\" aria-live=\"polite\" aria-atomic=\"true\"><\/p> <ul><\/ul><\/div>\n<form action=\"\/remi\/de\/wp-json\/wp\/v2\/pages\/90#wpcf7-f465-o1\" method=\"post\" class=\"wpcf7-form init\" aria-label=\"Formulaire de contact\" novalidate=\"novalidate\" data-status=\"init\" data-trp-original-action=\"\/remi\/de\/wp-json\/wp\/v2\/pages\/90#wpcf7-f465-o1\">\n<fieldset class=\"hidden-fields-container\"><input type=\"hidden\" name=\"_wpcf7\" value=\"465\" \/><input type=\"hidden\" name=\"_wpcf7_version\" value=\"6.1.5\" \/><input type=\"hidden\" name=\"_wpcf7_locale\" value=\"fr_FR\" \/><input type=\"hidden\" name=\"_wpcf7_unit_tag\" value=\"wpcf7-f465-o1\" \/><input type=\"hidden\" name=\"_wpcf7_container_post\" value=\"0\" \/><input type=\"hidden\" name=\"_wpcf7_posted_data_hash\" value=\"\" \/>\n<\/fieldset>\n<p><label> Ihr Name<br \/>\n<span class=\"wpcf7-form-control-wrap\" data-name=\"your-name\"><input size=\"40\" maxlength=\"400\" class=\"wpcf7-form-control wpcf7-text wpcf7-validates-as-required\" autocomplete=\"name\" aria-required=\"true\" aria-invalid=\"false\" value=\"\" type=\"text\" name=\"your-name\" \/><\/span> <\/label>\n<\/p>\n<p><label> Ihre E-Mail<br \/>\n<span class=\"wpcf7-form-control-wrap\" data-name=\"your-email\"><input size=\"40\" maxlength=\"400\" class=\"wpcf7-form-control wpcf7-email wpcf7-validates-as-required wpcf7-text wpcf7-validates-as-email\" autocomplete=\"email\" aria-required=\"true\" aria-invalid=\"false\" value=\"\" type=\"email\" name=\"your-email\" \/><\/span> <\/label>\n<\/p>\n<p><label> Ihre Telefonnummer<br \/>\n<span class=\"wpcf7-form-control-wrap\" data-name=\"your-phone\"><input size=\"40\" maxlength=\"400\" class=\"wpcf7-form-control wpcf7-tel wpcf7-validates-as-required wpcf7-text wpcf7-validates-as-tel\" aria-required=\"true\" aria-invalid=\"false\" value=\"\" type=\"tel\" name=\"your-phone\" \/><\/span> <\/label>\n<\/p>\n<p><label> Betreff<br \/>\n<span class=\"wpcf7-form-control-wrap\" data-name=\"your-subject\"><input size=\"40\" maxlength=\"400\" class=\"wpcf7-form-control wpcf7-text wpcf7-validates-as-required\" aria-required=\"true\" aria-invalid=\"false\" value=\"\" type=\"text\" name=\"your-subject\" \/><\/span> <\/label>\n<\/p>\n<p><label> Ihre Nachricht (optional)<br \/>\n<span class=\"wpcf7-form-control-wrap\" data-name=\"your-message\"><textarea cols=\"40\" rows=\"10\" maxlength=\"2000\" class=\"wpcf7-form-control wpcf7-textarea\" aria-invalid=\"false\" name=\"your-message\"><\/textarea><\/span> <\/label>\n<\/p>\n<p><input class=\"wpcf7-form-control wpcf7-submit has-spinner\" type=\"submit\" value=\"Senden\" \/>\n<\/p><div class=\"wpcf7-response-output\" aria-hidden=\"true\"><\/div>\n<input type=\"hidden\" name=\"trp-form-language\" value=\"de\"\/><\/form>\n<\/div>\n<\/div>\n<\/div>\n<\/div>","protected":false},"excerpt":{"rendered":"<p>Intro L\u2019AEM-VS \u2013 Association des \u00c9coles de Musique du Valais soutient et valorise la formation musicale des jeunes talents du Valais. Chaque ann\u00e9e, elle organise des concours ouverts \u00e0 une grande diversit\u00e9 de styles \u2014 du classique au jazz, en passant par le rock \u2014 permettant aux \u00e9l\u00e8ves de se produire devant un jury professionnel [&hellip;]<\/p>\n","protected":false},"author":1,"featured_media":0,"parent":0,"menu_order":0,"comment_status":"closed","ping_status":"closed","template":"","meta":{"footnotes":""},"class_list":["post-90","page","type-page","status-publish","hentry"],"yoast_head":"<!-- This site is optimized with the Yoast SEO plugin v27.5 - https:\/\/yoast.com\/product\/yoast-seo-wordpress\/ -->\n<title>Accueil - AEM-WMS<\/title>\n<meta name=\"description\" content=\"L\u2019AEMVS regroupe les \u00e9coles de musique valaisannes. Elle soutient l\u2019enseignement musical, la formation et la promotion de la musique en Valais\" \/>\n<meta name=\"robots\" content=\"index, follow, max-snippet:-1, max-image-preview:large, max-video-preview:-1\" \/>\n<link rel=\"canonical\" href=\"https:\/\/escila.ch\/remi\/de\/\" \/>\n<meta property=\"og:locale\" content=\"de_DE\" \/>\n<meta property=\"og:type\" content=\"article\" \/>\n<meta property=\"og:title\" content=\"Accueil - AEM-WMS\" \/>\n<meta property=\"og:description\" content=\"L\u2019AEMVS regroupe les \u00e9coles de musique valaisannes. Elle soutient l\u2019enseignement musical, la formation et la promotion de la musique en Valais\" \/>\n<meta property=\"og:url\" content=\"https:\/\/escila.ch\/remi\/de\/\" \/>\n<meta property=\"og:site_name\" content=\"AEM-WMS\" \/>\n<meta property=\"article:modified_time\" content=\"2026-04-29T15:01:07+00:00\" \/>\n<meta property=\"og:image\" content=\"https:\/\/escila.ch\/remi\/wp-content\/uploads\/2026\/02\/Photo-7-5.jpg\" \/>\n\t<meta property=\"og:image:width\" content=\"1150\" \/>\n\t<meta property=\"og:image:height\" content=\"2048\" \/>\n\t<meta property=\"og:image:type\" content=\"image\/jpeg\" \/>\n<meta name=\"twitter:card\" content=\"summary_large_image\" \/>\n<meta name=\"twitter:label1\" content=\"Gesch\u00e4tzte Lesezeit\" \/>\n\t<meta name=\"twitter:data1\" content=\"2\u00a0Minuten\" \/>\n<script type=\"application\/ld+json\" class=\"yoast-schema-graph\">{\"@context\":\"https:\\\/\\\/schema.org\",\"@graph\":[{\"@type\":\"WebPage\",\"@id\":\"https:\\\/\\\/escila.ch\\\/remi\\\/\",\"url\":\"https:\\\/\\\/escila.ch\\\/remi\\\/\",\"name\":\"Accueil - AEM-WMS\",\"isPartOf\":{\"@id\":\"https:\\\/\\\/escila.ch\\\/remi\\\/#website\"},\"primaryImageOfPage\":{\"@id\":\"https:\\\/\\\/escila.ch\\\/remi\\\/#primaryimage\"},\"image\":{\"@id\":\"https:\\\/\\\/escila.ch\\\/remi\\\/#primaryimage\"},\"thumbnailUrl\":\"https:\\\/\\\/escila.ch\\\/remi\\\/wp-content\\\/uploads\\\/2026\\\/02\\\/Photo-7-5-168x300.jpg\",\"datePublished\":\"2026-02-04T12:34:22+00:00\",\"dateModified\":\"2026-04-29T15:01:07+00:00\",\"description\":\"L\u2019AEMVS regroupe les \u00e9coles de musique valaisannes. Elle soutient l\u2019enseignement musical, la formation et la promotion de la musique en Valais\",\"breadcrumb\":{\"@id\":\"https:\\\/\\\/escila.ch\\\/remi\\\/#breadcrumb\"},\"inLanguage\":\"de-CH\",\"potentialAction\":[{\"@type\":\"ReadAction\",\"target\":[\"https:\\\/\\\/escila.ch\\\/remi\\\/\"]}]},{\"@type\":\"ImageObject\",\"inLanguage\":\"de-CH\",\"@id\":\"https:\\\/\\\/escila.ch\\\/remi\\\/#primaryimage\",\"url\":\"https:\\\/\\\/escila.ch\\\/remi\\\/wp-content\\\/uploads\\\/2026\\\/02\\\/Photo-7-5-168x300.jpg\",\"contentUrl\":\"https:\\\/\\\/escila.ch\\\/remi\\\/wp-content\\\/uploads\\\/2026\\\/02\\\/Photo-7-5-168x300.jpg\"},{\"@type\":\"BreadcrumbList\",\"@id\":\"https:\\\/\\\/escila.ch\\\/remi\\\/#breadcrumb\",\"itemListElement\":[{\"@type\":\"ListItem\",\"position\":1,\"name\":\"Accueil\",\"item\":\"https:\\\/\\\/escila.ch\\\/remi\\\/\"},{\"@type\":\"ListItem\",\"position\":2,\"name\":\"Accueil\"}]},{\"@type\":\"WebSite\",\"@id\":\"https:\\\/\\\/escila.ch\\\/remi\\\/#website\",\"url\":\"https:\\\/\\\/escila.ch\\\/remi\\\/\",\"name\":\"AEM-VMS-VS\",\"description\":\"Association des \u00e9coles de musique Valaisanne\",\"publisher\":{\"@id\":\"https:\\\/\\\/escila.ch\\\/remi\\\/#organization\"},\"potentialAction\":[{\"@type\":\"SearchAction\",\"target\":{\"@type\":\"EntryPoint\",\"urlTemplate\":\"https:\\\/\\\/escila.ch\\\/remi\\\/?s={search_term_string}\"},\"query-input\":{\"@type\":\"PropertyValueSpecification\",\"valueRequired\":true,\"valueName\":\"search_term_string\"}}],\"inLanguage\":\"de-CH\"},{\"@type\":\"Organization\",\"@id\":\"https:\\\/\\\/escila.ch\\\/remi\\\/#organization\",\"name\":\"Assocition des \u00c9coles de Musique Valaisanne\",\"url\":\"https:\\\/\\\/escila.ch\\\/remi\\\/\",\"logo\":{\"@type\":\"ImageObject\",\"inLanguage\":\"de-CH\",\"@id\":\"https:\\\/\\\/escila.ch\\\/remi\\\/#\\\/schema\\\/logo\\\/image\\\/\",\"url\":\"https:\\\/\\\/escila.ch\\\/remi\\\/wp-content\\\/uploads\\\/2026\\\/02\\\/sansbaseline-logo-aem-vs-sans-serif-1536x905-1-e1771341847815.png\",\"contentUrl\":\"https:\\\/\\\/escila.ch\\\/remi\\\/wp-content\\\/uploads\\\/2026\\\/02\\\/sansbaseline-logo-aem-vs-sans-serif-1536x905-1-e1771341847815.png\",\"width\":1385,\"height\":665,\"caption\":\"Assocition des \u00c9coles de Musique Valaisanne\"},\"image\":{\"@id\":\"https:\\\/\\\/escila.ch\\\/remi\\\/#\\\/schema\\\/logo\\\/image\\\/\"},\"sameAs\":[\"https:\\\/\\\/www.youtube.com\\\/@AEM-VMS-VS\"]}]}<\/script>\n<!-- \/ Yoast SEO plugin. -->","yoast_head_json":{"title":"Accueil - AEM-WMS","description":"L\u2019AEMVS regroupe les \u00e9coles de musique valaisannes. Elle soutient l\u2019enseignement musical, la formation et la promotion de la musique en Valais","robots":{"index":"index","follow":"follow","max-snippet":"max-snippet:-1","max-image-preview":"max-image-preview:large","max-video-preview":"max-video-preview:-1"},"canonical":"https:\/\/escila.ch\/remi\/de\/","og_locale":"de_DE","og_type":"article","og_title":"Accueil - AEM-WMS","og_description":"L\u2019AEMVS regroupe les \u00e9coles de musique valaisannes. Elle soutient l\u2019enseignement musical, la formation et la promotion de la musique en Valais","og_url":"https:\/\/escila.ch\/remi\/de\/","og_site_name":"AEM-WMS","article_modified_time":"2026-04-29T15:01:07+00:00","og_image":[{"width":1150,"height":2048,"url":"https:\/\/escila.ch\/remi\/wp-content\/uploads\/2026\/02\/Photo-7-5.jpg","type":"image\/jpeg"}],"twitter_card":"summary_large_image","twitter_misc":{"Gesch\u00e4tzte Lesezeit":"2\u00a0Minuten"},"schema":{"@context":"https:\/\/schema.org","@graph":[{"@type":"WebPage","@id":"https:\/\/escila.ch\/remi\/","url":"https:\/\/escila.ch\/remi\/","name":"Accueil - AEM-WMS","isPartOf":{"@id":"https:\/\/escila.ch\/remi\/#website"},"primaryImageOfPage":{"@id":"https:\/\/escila.ch\/remi\/#primaryimage"},"image":{"@id":"https:\/\/escila.ch\/remi\/#primaryimage"},"thumbnailUrl":"https:\/\/escila.ch\/remi\/wp-content\/uploads\/2026\/02\/Photo-7-5-168x300.jpg","datePublished":"2026-02-04T12:34:22+00:00","dateModified":"2026-04-29T15:01:07+00:00","description":"L\u2019AEMVS regroupe les \u00e9coles de musique valaisannes. Elle soutient l\u2019enseignement musical, la formation et la promotion de la musique en Valais","breadcrumb":{"@id":"https:\/\/escila.ch\/remi\/#breadcrumb"},"inLanguage":"de-CH","potentialAction":[{"@type":"ReadAction","target":["https:\/\/escila.ch\/remi\/"]}]},{"@type":"ImageObject","inLanguage":"de-CH","@id":"https:\/\/escila.ch\/remi\/#primaryimage","url":"https:\/\/escila.ch\/remi\/wp-content\/uploads\/2026\/02\/Photo-7-5-168x300.jpg","contentUrl":"https:\/\/escila.ch\/remi\/wp-content\/uploads\/2026\/02\/Photo-7-5-168x300.jpg"},{"@type":"BreadcrumbList","@id":"https:\/\/escila.ch\/remi\/#breadcrumb","itemListElement":[{"@type":"ListItem","position":1,"name":"Accueil","item":"https:\/\/escila.ch\/remi\/"},{"@type":"ListItem","position":2,"name":"Accueil"}]},{"@type":"WebSite","@id":"https:\/\/escila.ch\/remi\/#website","url":"https:\/\/escila.ch\/remi\/","name":"AEM-VMS-VS","description":"Association des \u00e9coles de musique Valaisanne","publisher":{"@id":"https:\/\/escila.ch\/remi\/#organization"},"potentialAction":[{"@type":"SearchAction","target":{"@type":"EntryPoint","urlTemplate":"https:\/\/escila.ch\/remi\/?s={search_term_string}"},"query-input":{"@type":"PropertyValueSpecification","valueRequired":true,"valueName":"search_term_string"}}],"inLanguage":"de-CH"},{"@type":"Organization","@id":"https:\/\/escila.ch\/remi\/#organization","name":"Assocition des \u00c9coles de Musique Valaisanne","url":"https:\/\/escila.ch\/remi\/","logo":{"@type":"ImageObject","inLanguage":"de-CH","@id":"https:\/\/escila.ch\/remi\/#\/schema\/logo\/image\/","url":"https:\/\/escila.ch\/remi\/wp-content\/uploads\/2026\/02\/sansbaseline-logo-aem-vs-sans-serif-1536x905-1-e1771341847815.png","contentUrl":"https:\/\/escila.ch\/remi\/wp-content\/uploads\/2026\/02\/sansbaseline-logo-aem-vs-sans-serif-1536x905-1-e1771341847815.png","width":1385,"height":665,"caption":"Assocition des \u00c9coles de Musique Valaisanne"},"image":{"@id":"https:\/\/escila.ch\/remi\/#\/schema\/logo\/image\/"},"sameAs":["https:\/\/www.youtube.com\/@AEM-VMS-VS"]}]}},"_links":{"self":[{"href":"https:\/\/escila.ch\/remi\/de\/wp-json\/wp\/v2\/pages\/90","targetHints":{"allow":["GET"]}}],"collection":[{"href":"https:\/\/escila.ch\/remi\/de\/wp-json\/wp\/v2\/pages"}],"about":[{"href":"https:\/\/escila.ch\/remi\/de\/wp-json\/wp\/v2\/types\/page"}],"author":[{"embeddable":true,"href":"https:\/\/escila.ch\/remi\/de\/wp-json\/wp\/v2\/users\/1"}],"replies":[{"embeddable":true,"href":"https:\/\/escila.ch\/remi\/de\/wp-json\/wp\/v2\/comments?post=90"}],"version-history":[{"count":90,"href":"https:\/\/escila.ch\/remi\/de\/wp-json\/wp\/v2\/pages\/90\/revisions"}],"predecessor-version":[{"id":691,"href":"https:\/\/escila.ch\/remi\/de\/wp-json\/wp\/v2\/pages\/90\/revisions\/691"}],"wp:attachment":[{"href":"https:\/\/escila.ch\/remi\/de\/wp-json\/wp\/v2\/media?parent=90"}],"curies":[{"name":"wp","href":"https:\/\/api.w.org\/{rel}","templated":true}]}}