{"id":510,"date":"2026-02-16T13:28:06","date_gmt":"2026-02-16T12:28:06","guid":{"rendered":"https:\/\/escila.ch\/remi\/?page_id=510"},"modified":"2026-02-17T09:25:33","modified_gmt":"2026-02-17T08:25:33","slug":"confidentialite","status":"publish","type":"page","link":"https:\/\/escila.ch\/remi\/de\/confidentialite\/","title":{"rendered":"Datenschutzerkl\u00e4rung"},"content":{"rendered":"<div style=\"height:80px\" aria-hidden=\"true\" class=\"wp-block-spacer\"><\/div>\n\n\n<h1 style=\"padding-top:0;padding-bottom:var(--wp--preset--spacing--50);\" class=\"wp-block-post-title has-xx-large-font-size\">Datenschutzerkl\u00e4rung<\/h1>\n\n\n<p class=\"has-x-large-font-size\"><strong>Wer sind wir ?<\/strong><\/p>\n\n\n\n<p class=\"translation-block\">Association des \u00e9coles de musique Valaisanne<br>Route du Rawil 47, 1950 Sion<br>Valais, Suisse<br><a href=\"https:\/\/aem-vs.ch\/\" target=\"_blank\" rel=\"noreferrer noopener\">https:\/\/aem-vs.ch<\/a><\/p>\n\n\n\n<p><\/p>\n\n\n\n<p class=\"has-x-large-font-size\"><strong>Verwendung und Weitergabe Ihrer pers\u00f6nlichen Daten<\/strong><\/p>\n\n\n\n<p class=\"translation-block\">Wenn Sie uns \u00fcber das Kontaktformular kontaktieren, k\u00f6nnen die von Ihnen angegebenen Informationen (Name, E-Mail-Adresse, Nachricht usw.) sowie Ihre IP-Adresse in unserer Datenbank gespeichert werden. Diese Daten werden ausschliesslich verwendet, um auf Ihre Anfrage zu antworten oder Sie zur\u00fcckzukontaktieren. Sie sind ausschliesslich den autorisierten Mitarbeitenden der AEM-VS zug\u00e4nglich und werden nicht an Dritte weitergegeben.<\/p>\n\n\n\n<p><\/p>\n\n\n\n<p class=\"has-x-large-font-size\"><strong>Aufbewahrungsdauer der Daten<\/strong><\/p>\n\n\n\n<p class=\"translation-block\">Die \u00fcber das Kontaktformular erhaltenen Daten werden so lange aufbewahrt, wie es f\u00fcr die Bearbeitung Ihrer Anfrage erforderlich ist, es sei denn, Sie verlangen etwas anderes. Nach Ablauf dieser Frist k\u00f6nnen sie aus unseren Systemen gel\u00f6scht werden.<\/p>\n\n\n\n<p><\/p>\n\n\n\n<p class=\"has-x-large-font-size\"><strong>Ihre Rechte bez\u00fcglich Ihrer Daten<\/strong><\/p>\n\n\n\n<p>Sie k\u00f6nnen jederzeit verlangen:<\/p>\n\n\n\n<ul class=\"wp-block-list\">\n<li>eine Kopie der pers\u00f6nlichen Daten zu erhalten, die wir \u00fcber Sie speichern,<\/li>\n\n\n\n<li>diese zu berichtigen oder zu aktualisieren,<\/li>\n\n\n\n<li>oder deren L\u00f6schung zu verlangen.<\/li>\n<\/ul>\n\n\n\n<p>Diese Anfragen k\u00f6nnen Sie jederzeit per E-Mail an die auf unserer Website angegebene Adresse stellen. Einige Daten k\u00f6nnen aus rechtlichen, administrativen oder sicherheitstechnischen Gr\u00fcnden aufbewahrt werden.<\/p>\n\n\n\n<p><strong>Wo Ihre Daten gespeichert sind<\/strong><\/p>\n\n\n\n<p class=\"translation-block\">Alle erhobenen Daten werden auf sicheren Servern in der Schweiz gespeichert und nicht ins Ausland \u00fcbermittelt.<\/p>\n\n\n\n<div style=\"height:79px\" aria-hidden=\"true\" class=\"wp-block-spacer\"><\/div>","protected":false},"excerpt":{"rendered":"<p>Qui sommes-nous ? Association des \u00e9coles de musique ValaisanneRoute du Rawil 47, 1950 SionValais, Suissehttps:\/\/aem-vs.ch Utilisation et transmission de vos donn\u00e9es personnelles Lorsque vous nous contactez via le formulaire de contact, les informations que vous fournissez (nom, adresse e-mail, message, etc.) ainsi que votre adresse IP peuvent \u00eatre enregistr\u00e9es dans notre base de donn\u00e9es.Ces donn\u00e9es [&hellip;]<\/p>\n","protected":false},"author":1,"featured_media":0,"parent":0,"menu_order":0,"comment_status":"closed","ping_status":"closed","template":"","meta":{"footnotes":""},"class_list":["post-510","page","type-page","status-publish","hentry"],"yoast_head":"<!-- This site is optimized with the Yoast SEO plugin v27.5 - https:\/\/yoast.com\/product\/yoast-seo-wordpress\/ -->\n<title>Politique de confidentialit\u00e9 - AEM-WMS<\/title>\n<meta name=\"robots\" content=\"index, follow, max-snippet:-1, max-image-preview:large, max-video-preview:-1\" \/>\n<link rel=\"canonical\" href=\"https:\/\/escila.ch\/remi\/de\/confidentialite\/\" \/>\n<meta property=\"og:locale\" content=\"de_DE\" \/>\n<meta property=\"og:type\" content=\"article\" \/>\n<meta property=\"og:title\" content=\"Politique de confidentialit\u00e9 - AEM-WMS\" \/>\n<meta property=\"og:description\" content=\"Qui sommes-nous ? Association des \u00e9coles de musique ValaisanneRoute du Rawil 47, 1950 SionValais, Suissehttps:\/\/aem-vs.ch Utilisation et transmission de vos donn\u00e9es personnelles Lorsque vous nous contactez via le formulaire de contact, les informations que vous fournissez (nom, adresse e-mail, message, etc.) ainsi que votre adresse IP peuvent \u00eatre enregistr\u00e9es dans notre base de donn\u00e9es.Ces donn\u00e9es [&hellip;]\" \/>\n<meta property=\"og:url\" content=\"https:\/\/escila.ch\/remi\/de\/confidentialite\/\" \/>\n<meta property=\"og:site_name\" content=\"AEM-WMS\" \/>\n<meta property=\"article:modified_time\" content=\"2026-02-17T08:25:33+00:00\" \/>\n<meta name=\"twitter:card\" content=\"summary_large_image\" \/>\n<meta name=\"twitter:label1\" content=\"Gesch\u00e4tzte Lesezeit\" \/>\n\t<meta name=\"twitter:data1\" content=\"2\u00a0Minuten\" \/>\n<script type=\"application\/ld+json\" class=\"yoast-schema-graph\">{\"@context\":\"https:\\\/\\\/schema.org\",\"@graph\":[{\"@type\":\"WebPage\",\"@id\":\"https:\\\/\\\/escila.ch\\\/remi\\\/confidentialite\\\/\",\"url\":\"https:\\\/\\\/escila.ch\\\/remi\\\/confidentialite\\\/\",\"name\":\"Politique de confidentialit\u00e9 - AEM-WMS\",\"isPartOf\":{\"@id\":\"https:\\\/\\\/escila.ch\\\/remi\\\/#website\"},\"datePublished\":\"2026-02-16T12:28:06+00:00\",\"dateModified\":\"2026-02-17T08:25:33+00:00\",\"breadcrumb\":{\"@id\":\"https:\\\/\\\/escila.ch\\\/remi\\\/confidentialite\\\/#breadcrumb\"},\"inLanguage\":\"de-CH\",\"potentialAction\":[{\"@type\":\"ReadAction\",\"target\":[\"https:\\\/\\\/escila.ch\\\/remi\\\/confidentialite\\\/\"]}]},{\"@type\":\"BreadcrumbList\",\"@id\":\"https:\\\/\\\/escila.ch\\\/remi\\\/confidentialite\\\/#breadcrumb\",\"itemListElement\":[{\"@type\":\"ListItem\",\"position\":1,\"name\":\"Accueil\",\"item\":\"https:\\\/\\\/escila.ch\\\/remi\\\/\"},{\"@type\":\"ListItem\",\"position\":2,\"name\":\"Politique de confidentialit\u00e9\"}]},{\"@type\":\"WebSite\",\"@id\":\"https:\\\/\\\/escila.ch\\\/remi\\\/#website\",\"url\":\"https:\\\/\\\/escila.ch\\\/remi\\\/\",\"name\":\"AEM-VMS-VS\",\"description\":\"Association des \u00e9coles de musique Valaisanne\",\"publisher\":{\"@id\":\"https:\\\/\\\/escila.ch\\\/remi\\\/#organization\"},\"potentialAction\":[{\"@type\":\"SearchAction\",\"target\":{\"@type\":\"EntryPoint\",\"urlTemplate\":\"https:\\\/\\\/escila.ch\\\/remi\\\/?s={search_term_string}\"},\"query-input\":{\"@type\":\"PropertyValueSpecification\",\"valueRequired\":true,\"valueName\":\"search_term_string\"}}],\"inLanguage\":\"de-CH\"},{\"@type\":\"Organization\",\"@id\":\"https:\\\/\\\/escila.ch\\\/remi\\\/#organization\",\"name\":\"Assocition des \u00c9coles de Musique Valaisanne\",\"url\":\"https:\\\/\\\/escila.ch\\\/remi\\\/\",\"logo\":{\"@type\":\"ImageObject\",\"inLanguage\":\"de-CH\",\"@id\":\"https:\\\/\\\/escila.ch\\\/remi\\\/#\\\/schema\\\/logo\\\/image\\\/\",\"url\":\"https:\\\/\\\/escila.ch\\\/remi\\\/wp-content\\\/uploads\\\/2026\\\/02\\\/sansbaseline-logo-aem-vs-sans-serif-1536x905-1-e1771341847815.png\",\"contentUrl\":\"https:\\\/\\\/escila.ch\\\/remi\\\/wp-content\\\/uploads\\\/2026\\\/02\\\/sansbaseline-logo-aem-vs-sans-serif-1536x905-1-e1771341847815.png\",\"width\":1385,\"height\":665,\"caption\":\"Assocition des \u00c9coles de Musique Valaisanne\"},\"image\":{\"@id\":\"https:\\\/\\\/escila.ch\\\/remi\\\/#\\\/schema\\\/logo\\\/image\\\/\"},\"sameAs\":[\"https:\\\/\\\/www.youtube.com\\\/@AEM-VMS-VS\"]}]}<\/script>\n<!-- \/ Yoast SEO plugin. -->","yoast_head_json":{"title":"Politique de confidentialit\u00e9 - AEM-WMS","robots":{"index":"index","follow":"follow","max-snippet":"max-snippet:-1","max-image-preview":"max-image-preview:large","max-video-preview":"max-video-preview:-1"},"canonical":"https:\/\/escila.ch\/remi\/de\/confidentialite\/","og_locale":"de_DE","og_type":"article","og_title":"Politique de confidentialit\u00e9 - AEM-WMS","og_description":"Qui sommes-nous ? Association des \u00e9coles de musique ValaisanneRoute du Rawil 47, 1950 SionValais, Suissehttps:\/\/aem-vs.ch Utilisation et transmission de vos donn\u00e9es personnelles Lorsque vous nous contactez via le formulaire de contact, les informations que vous fournissez (nom, adresse e-mail, message, etc.) ainsi que votre adresse IP peuvent \u00eatre enregistr\u00e9es dans notre base de donn\u00e9es.Ces donn\u00e9es [&hellip;]","og_url":"https:\/\/escila.ch\/remi\/de\/confidentialite\/","og_site_name":"AEM-WMS","article_modified_time":"2026-02-17T08:25:33+00:00","twitter_card":"summary_large_image","twitter_misc":{"Gesch\u00e4tzte Lesezeit":"2\u00a0Minuten"},"schema":{"@context":"https:\/\/schema.org","@graph":[{"@type":"WebPage","@id":"https:\/\/escila.ch\/remi\/confidentialite\/","url":"https:\/\/escila.ch\/remi\/confidentialite\/","name":"Politique de confidentialit\u00e9 - AEM-WMS","isPartOf":{"@id":"https:\/\/escila.ch\/remi\/#website"},"datePublished":"2026-02-16T12:28:06+00:00","dateModified":"2026-02-17T08:25:33+00:00","breadcrumb":{"@id":"https:\/\/escila.ch\/remi\/confidentialite\/#breadcrumb"},"inLanguage":"de-CH","potentialAction":[{"@type":"ReadAction","target":["https:\/\/escila.ch\/remi\/confidentialite\/"]}]},{"@type":"BreadcrumbList","@id":"https:\/\/escila.ch\/remi\/confidentialite\/#breadcrumb","itemListElement":[{"@type":"ListItem","position":1,"name":"Accueil","item":"https:\/\/escila.ch\/remi\/"},{"@type":"ListItem","position":2,"name":"Politique de confidentialit\u00e9"}]},{"@type":"WebSite","@id":"https:\/\/escila.ch\/remi\/#website","url":"https:\/\/escila.ch\/remi\/","name":"AEM-VMS-VS","description":"Association des \u00e9coles de musique Valaisanne","publisher":{"@id":"https:\/\/escila.ch\/remi\/#organization"},"potentialAction":[{"@type":"SearchAction","target":{"@type":"EntryPoint","urlTemplate":"https:\/\/escila.ch\/remi\/?s={search_term_string}"},"query-input":{"@type":"PropertyValueSpecification","valueRequired":true,"valueName":"search_term_string"}}],"inLanguage":"de-CH"},{"@type":"Organization","@id":"https:\/\/escila.ch\/remi\/#organization","name":"Assocition des \u00c9coles de Musique Valaisanne","url":"https:\/\/escila.ch\/remi\/","logo":{"@type":"ImageObject","inLanguage":"de-CH","@id":"https:\/\/escila.ch\/remi\/#\/schema\/logo\/image\/","url":"https:\/\/escila.ch\/remi\/wp-content\/uploads\/2026\/02\/sansbaseline-logo-aem-vs-sans-serif-1536x905-1-e1771341847815.png","contentUrl":"https:\/\/escila.ch\/remi\/wp-content\/uploads\/2026\/02\/sansbaseline-logo-aem-vs-sans-serif-1536x905-1-e1771341847815.png","width":1385,"height":665,"caption":"Assocition des \u00c9coles de Musique Valaisanne"},"image":{"@id":"https:\/\/escila.ch\/remi\/#\/schema\/logo\/image\/"},"sameAs":["https:\/\/www.youtube.com\/@AEM-VMS-VS"]}]}},"_links":{"self":[{"href":"https:\/\/escila.ch\/remi\/de\/wp-json\/wp\/v2\/pages\/510","targetHints":{"allow":["GET"]}}],"collection":[{"href":"https:\/\/escila.ch\/remi\/de\/wp-json\/wp\/v2\/pages"}],"about":[{"href":"https:\/\/escila.ch\/remi\/de\/wp-json\/wp\/v2\/types\/page"}],"author":[{"embeddable":true,"href":"https:\/\/escila.ch\/remi\/de\/wp-json\/wp\/v2\/users\/1"}],"replies":[{"embeddable":true,"href":"https:\/\/escila.ch\/remi\/de\/wp-json\/wp\/v2\/comments?post=510"}],"version-history":[{"count":11,"href":"https:\/\/escila.ch\/remi\/de\/wp-json\/wp\/v2\/pages\/510\/revisions"}],"predecessor-version":[{"id":575,"href":"https:\/\/escila.ch\/remi\/de\/wp-json\/wp\/v2\/pages\/510\/revisions\/575"}],"wp:attachment":[{"href":"https:\/\/escila.ch\/remi\/de\/wp-json\/wp\/v2\/media?parent=510"}],"curies":[{"name":"wp","href":"https:\/\/api.w.org\/{rel}","templated":true}]}}