{"id":118,"date":"2026-02-04T13:08:24","date_gmt":"2026-02-04T12:08:24","guid":{"rendered":"https:\/\/escila.ch\/remi\/?page_id=118"},"modified":"2026-05-07T11:10:41","modified_gmt":"2026-05-07T09:10:41","slug":"jeunes-talents-musiques","status":"publish","type":"page","link":"https:\/\/escila.ch\/remi\/de\/jeunes-talents-musiques\/","title":{"rendered":"Jeunes Talents Musiques"},"content":{"rendered":"<div style=\"height:50px\" aria-hidden=\"true\" class=\"wp-block-spacer\"><\/div>\n\n\n\n<div style=\"height:30px\" aria-hidden=\"true\" class=\"wp-block-spacer\"><\/div>\n\n\n\n<div class=\"wp-block-cover alignfull is-light\" style=\"margin-top:0;margin-bottom:0;padding-top:0;padding-right:0;padding-bottom:0;padding-left:0\"><span aria-hidden=\"true\" class=\"wp-block-cover__background has-background-dim-100 has-background-dim\" style=\"background-color:#ffffff\"><\/span><div class=\"wp-block-cover__inner-container has-global-padding is-layout-constrained wp-container-core-cover-is-layout-72190d31 wp-block-cover-is-layout-constrained\">\n<div class=\"wp-block-media-text alignwide is-stacked-on-mobile is-vertically-aligned-center is-image-fill-element\" style=\"margin-right:179px;margin-left:179px;padding-top:0;padding-bottom:0;grid-template-columns:41% auto\"><figure class=\"wp-block-media-text__media\"><img loading=\"lazy\" decoding=\"async\" width=\"1024\" height=\"575\" src=\"https:\/\/escila.ch\/remi\/wp-content\/uploads\/2026\/02\/Photo-6-1024x575.jpg\" alt=\"\" class=\"wp-image-221 size-full\" style=\"object-position:100% 62%\" srcset=\"https:\/\/escila.ch\/remi\/wp-content\/uploads\/2026\/02\/Photo-6-1024x575.jpg 1024w, https:\/\/escila.ch\/remi\/wp-content\/uploads\/2026\/02\/Photo-6-300x168.jpg 300w, https:\/\/escila.ch\/remi\/wp-content\/uploads\/2026\/02\/Photo-6-768x431.jpg 768w, https:\/\/escila.ch\/remi\/wp-content\/uploads\/2026\/02\/Photo-6-1536x863.jpg 1536w, https:\/\/escila.ch\/remi\/wp-content\/uploads\/2026\/02\/Photo-6.jpg 2048w\" sizes=\"auto, (max-width: 1024px) 100vw, 1024px\" \/><\/figure><div class=\"wp-block-media-text__content\">\n<h1 class=\"wp-block-heading has-text-color\" style=\"color:#000000;font-size:clamp(20px, 1.25rem + ((1vw - 3.2px) * 1.176), 32px);font-style:normal;font-weight:600\">Lass dein Talent erklingen <\/h1>\n\n\n\n<p class=\"has-text-color\" style=\"color:#000000;font-size:clamp(14px, 0.875rem + ((1vw - 3.2px) * 0.294), 17px);\">Du bist Musikfan und tr\u00e4umst davon, deine Stimme oder dein Instrument h\u00f6rbar zu machen?<br>Der <strong>Wettbewerb Junge Talente Wallis Musik<\/strong> ist genau das Richtige f\u00fcr dich.<\/p>\n\n\n\n<p class=\"has-medium-font-size\">Offen f\u00fcr junge Musikerinnen und Musiker aus dem Wallis, ist dieser Wettbewerb eine... <strong>opportunit\u00e9 unique<\/strong> von:<\/p>\n\n\n\n<ul class=\"wp-block-list\">\n<li class=\"has-medium-font-size\">te produire sur sc\u00e8ne,<\/li>\n\n\n\n<li class=\"has-medium-font-size\">rencontrer des professionnel\u00b7les du milieu musical,<\/li>\n\n\n\n<li class=\"has-medium-font-size\">an Sichtbarkeit zu gewinnen,<\/li>\n\n\n\n<li class=\"has-medium-font-size\">und ein bereicherndes k\u00fcnstlerisches Erlebnis zu haben.<\/li>\n<\/ul>\n\n\n\n<p class=\"has-medium-font-size\">ob du Solist oder in einer Gruppe bist, mit klassischer, Jazz- oder Popmusik-Ausbildung, <strong>trau dich zu wagen,<\/strong>.<br>Jedes Talent verdient es, geh\u00f6rt zu werden.<\/p>\n\n\n\n<p class=\"has-text-color\" style=\"color:#000000;font-size:clamp(14px, 0.875rem + ((1vw - 3.2px) * 0.294), 17px);\"><strong>Die Anmeldungen sind ge\u00f6ffnet<\/strong><br>N\u2019attends plus : inscris-toi et fais partie de la nouvelle g\u00e9n\u00e9ration de talents musicaux valaisans.<\/p>\n\n\n\n<div class=\"wp-block-buttons is-layout-flex wp-block-buttons-is-layout-flex\">\n<div class=\"wp-block-button bouton1\"><a class=\"wp-block-button__link has-border-color has-accent-4-border-color wp-element-button\" href=\"https:\/\/escila.ch\/remi\/de\/contact\/\" style=\"border-width:1px;box-shadow:var(--wp--preset--shadow--natural)\">Anmeldung 2027<\/a><\/div>\n<\/div>\n<\/div><\/div>\n<\/div><\/div>\n\n\n\n<div class=\"wp-block-group is-nowrap is-layout-flex wp-container-core-group-is-layout-6c531013 wp-block-group-is-layout-flex\">\n<div style=\"height:100px;width:0px\" aria-hidden=\"true\" class=\"wp-block-spacer wp-container-content-6388d5dc\"><\/div>\n<\/div>\n\n\n\n<div style=\"height:30px\" aria-hidden=\"true\" class=\"wp-block-spacer\"><\/div>\n\n\n\n<div class=\"wp-block-group alignfull is-style-section-5 has-global-padding is-layout-constrained wp-block-group-is-layout-constrained is-style-section-5--1\" style=\"margin-top:0;margin-bottom:0;padding-top:var(--wp--preset--spacing--50);padding-bottom:var(--wp--preset--spacing--50);box-shadow:var(--wp--preset--shadow--deep)\">\n<div class=\"wp-block-columns alignwide is-layout-flex wp-container-core-columns-is-layout-7ee84d44 wp-block-columns-is-layout-flex\">\n<div class=\"wp-block-column is-vertically-aligned-center is-layout-flow wp-block-column-is-layout-flow\" style=\"flex-basis:50%\">\n<h2 class=\"wp-block-heading\"><strong>\u00dcber das Event <\/strong><\/h2>\n\n\n\n<div class=\"wp-block-group has-global-padding is-layout-constrained wp-block-group-is-layout-constrained\">\n<p class=\"has-medium-font-size\">Der <strong>Concours Jeunes Talents Musique<\/strong> ist ein j\u00e4hrliches Event, das von der<strong>Association des \u00c9coles de Musique Valaisannes (AEM-VS)<\/strong>. Sein Ziel ist es, junge Musikerinnen und Musiker im Kanton zu unterst\u00fctzen, zu f\u00f6rdern und wertzusch\u00e4tzen, indem es ihnen eine B\u00fchne f\u00fcr Ausdruck und Anerkennung bietet.<\/p>\n<\/div>\n\n\n\n<div class=\"wp-block-group has-global-padding is-layout-constrained wp-block-group-is-layout-constrained\">\n<p class=\"has-medium-font-size translation-block\">Offen f\u00fcr eine grosse Vielfalt an Musikstilen \u2014 <strong>klassische Musik, Jazz, Rock und aktuelle Musik<\/strong> \u2014 erm\u00f6glicht der Wettbewerb den Teilnehmenden, ihr k\u00fcnstlerisches Werk vor einer <strong>Jury aus Profis der Musikwelt<\/strong> vorzutragen. Diese Begegnung ist zugleich eine formatives Erlebnis und eine einzigartige Gelegenheit, sich den Anforderungen der B\u00fchne zu stellen.<\/p>\n<\/div>\n\n\n\n<div class=\"wp-block-group has-global-padding is-layout-constrained wp-block-group-is-layout-constrained\">\n<p class=\"has-medium-font-size translation-block\">\u00dcber die reine Wettkampfphase hinaus zielt der Concours Jeunes Talents Musique darauf ab, die jungen K\u00fcnstlerinnen und K\u00fcnstler auf ihrem Weg zu begleiten, indem es ihnen Zugang zu <strong>Stipendien zur Unterst\u00fctzung<\/strong> gew\u00e4hrt, die ihr Training und ihre k\u00fcnstlerische Entwicklung f\u00f6rdern sollen.<\/p>\n<\/div>\n\n\n\n<div class=\"wp-block-group has-global-padding is-layout-constrained wp-block-group-is-layout-constrained\">\n<p class=\"has-medium-font-size\">Durch dieses Event bekr\u00e4ftigt die AEM-VS ihr Engagement f\u00fcr den musikalischen Nachwuchs und tr\u00e4gt aktiv zum kulturellen Strahlen des Wallis bei.<\/p>\n<\/div>\n\n\n\n<div class=\"wp-block-buttons is-layout-flex wp-block-buttons-is-layout-flex\"><\/div>\n<\/div>\n\n\n\n<div class=\"wp-block-column is-vertically-aligned-center is-layout-flow wp-block-column-is-layout-flow\" style=\"flex-basis:50%\">\n<figure class=\"wp-block-image size-full\"><img loading=\"lazy\" decoding=\"async\" width=\"2048\" height=\"1150\" src=\"https:\/\/escila.ch\/remi\/wp-content\/uploads\/2026\/02\/Photo-13.jpg\" alt=\"\" class=\"wp-image-182\" style=\"aspect-ratio:1;object-fit:cover\" srcset=\"https:\/\/escila.ch\/remi\/wp-content\/uploads\/2026\/02\/Photo-13.jpg 2048w, https:\/\/escila.ch\/remi\/wp-content\/uploads\/2026\/02\/Photo-13-300x168.jpg 300w, https:\/\/escila.ch\/remi\/wp-content\/uploads\/2026\/02\/Photo-13-1024x575.jpg 1024w, https:\/\/escila.ch\/remi\/wp-content\/uploads\/2026\/02\/Photo-13-768x431.jpg 768w, https:\/\/escila.ch\/remi\/wp-content\/uploads\/2026\/02\/Photo-13-1536x863.jpg 1536w\" sizes=\"auto, (max-width: 2048px) 100vw, 2048px\" \/><\/figure>\n<\/div>\n<\/div>\n<\/div>\n\n\n\n<div class=\"wp-block-group alignfull has-global-padding is-layout-constrained wp-container-core-group-is-layout-fdabefd0 wp-block-group-is-layout-constrained\" style=\"min-height:407px;margin-top:0;margin-bottom:0;padding-top:0;padding-bottom:0\">\n<div class=\"wp-block-columns alignwide is-layout-flex wp-container-core-columns-is-layout-cdebebb7 wp-block-columns-is-layout-flex\" style=\"padding-top:0;padding-bottom:0\">\n<div class=\"wp-block-column is-layout-flow wp-container-core-column-is-layout-8ad66c59 wp-block-column-is-layout-flow\" style=\"padding-top:var(--wp--preset--spacing--70)\">\n<figure class=\"wp-block-image size-full\"><img loading=\"lazy\" decoding=\"async\" width=\"768\" height=\"432\" src=\"https:\/\/escila.ch\/remi\/wp-content\/uploads\/2026\/02\/JEUNES-TALENTS-MUSIQUE-n-768x451-1-edited.png\" alt=\"\" class=\"wp-image-197\" srcset=\"https:\/\/escila.ch\/remi\/wp-content\/uploads\/2026\/02\/JEUNES-TALENTS-MUSIQUE-n-768x451-1-edited.png 768w, https:\/\/escila.ch\/remi\/wp-content\/uploads\/2026\/02\/JEUNES-TALENTS-MUSIQUE-n-768x451-1-edited-300x169.png 300w\" sizes=\"auto, (max-width: 768px) 100vw, 768px\" \/><\/figure>\n<\/div>\n\n\n\n<div class=\"wp-block-column is-layout-flow wp-container-core-column-is-layout-8ad66c59 wp-block-column-is-layout-flow\" style=\"padding-top:var(--wp--preset--spacing--70)\">\n<figure class=\"wp-block-image size-full is-resized\"><img loading=\"lazy\" decoding=\"async\" width=\"2560\" height=\"1890\" src=\"https:\/\/escila.ch\/remi\/wp-content\/uploads\/2026\/02\/NOIR_Transparent-scaled.png\" alt=\"\" class=\"wp-image-223\" style=\"aspect-ratio:1.3545496441190026;width:331px;height:auto\" srcset=\"https:\/\/escila.ch\/remi\/wp-content\/uploads\/2026\/02\/NOIR_Transparent-scaled.png 2560w, https:\/\/escila.ch\/remi\/wp-content\/uploads\/2026\/02\/NOIR_Transparent-300x222.png 300w, https:\/\/escila.ch\/remi\/wp-content\/uploads\/2026\/02\/NOIR_Transparent-1024x756.png 1024w, https:\/\/escila.ch\/remi\/wp-content\/uploads\/2026\/02\/NOIR_Transparent-768x567.png 768w, https:\/\/escila.ch\/remi\/wp-content\/uploads\/2026\/02\/NOIR_Transparent-1536x1134.png 1536w, https:\/\/escila.ch\/remi\/wp-content\/uploads\/2026\/02\/NOIR_Transparent-2048x1512.png 2048w\" sizes=\"auto, (max-width: 2560px) 100vw, 2560px\" \/><\/figure>\n<\/div>\n\n\n\n<div class=\"wp-block-column is-layout-flow wp-container-core-column-is-layout-8ad66c59 wp-block-column-is-layout-flow\" style=\"padding-top:var(--wp--preset--spacing--70)\">\n<figure class=\"wp-block-image size-full\" style=\"margin-top:var(--wp--preset--spacing--50);margin-bottom:var(--wp--preset--spacing--50)\"><img loading=\"lazy\" decoding=\"async\" width=\"1920\" height=\"620\" src=\"https:\/\/escila.ch\/remi\/wp-content\/uploads\/2026\/05\/Logo_der_Schweizerischen_Eidgenossenschaft.svg-2.png\" alt=\"\" class=\"wp-image-693\" style=\"aspect-ratio:2.9937754640108647\" srcset=\"https:\/\/escila.ch\/remi\/wp-content\/uploads\/2026\/05\/Logo_der_Schweizerischen_Eidgenossenschaft.svg-2.png 1920w, https:\/\/escila.ch\/remi\/wp-content\/uploads\/2026\/05\/Logo_der_Schweizerischen_Eidgenossenschaft.svg-2-300x97.png 300w, https:\/\/escila.ch\/remi\/wp-content\/uploads\/2026\/05\/Logo_der_Schweizerischen_Eidgenossenschaft.svg-2-1024x331.png 1024w, https:\/\/escila.ch\/remi\/wp-content\/uploads\/2026\/05\/Logo_der_Schweizerischen_Eidgenossenschaft.svg-2-768x248.png 768w, https:\/\/escila.ch\/remi\/wp-content\/uploads\/2026\/05\/Logo_der_Schweizerischen_Eidgenossenschaft.svg-2-1536x496.png 1536w, https:\/\/escila.ch\/remi\/wp-content\/uploads\/2026\/05\/Logo_der_Schweizerischen_Eidgenossenschaft.svg-2-18x6.png 18w\" sizes=\"auto, (max-width: 1920px) 100vw, 1920px\" \/><\/figure>\n<\/div>\n<\/div>\n<\/div>\n\n\n\n<p class=\"has-large-font-size\" style=\"font-style:normal;font-weight:600\"><strong>Programme Jeunes Talents Musique Valais<\/strong><\/p>\n\n\n\n<p>Gem\u00e4ss Art. 67a der Bundesverfassung haben Bund und Kantone die Aufgabe, die musikalische Ausbildung zu f\u00f6rdern, insbesondere die von Kindern und Jugendlichen.<\/p>\n\n\n\n<p>Die F\u00f6rderung der Jeunes Talents Musique hat das Ziel, Kinder und Jugendliche mit hohem musikalischem Potenzial im gesamten Kanton Wallis zu erkennen und gezielt sowie nachhaltig zu unterst\u00fctzen, entsprechend ihren individuellen Bed\u00fcrfnissen, musikalischen und pers\u00f6nlichen F\u00e4higkeiten sowie ihrem Potenzial. Dadurch soll ihnen ein erleichterter Zugang zu musikalischen Bildungsangeboten erm\u00f6glicht werden \u2013 finanziell, inhaltlich oder geographisch.<\/p>\n\n\n\n<p>Die F\u00f6rderung wird begabten jungen Musikern angeboten, unabh\u00e4ngig von ihrem Karriereziel in der Musik. Sie dient einerseits der F\u00f6rderung einer qualitativ hochwertigen Amateur-Nachwuchsf\u00f6rderung und andererseits der bestm\u00f6glichen Vorbereitung auf den Eintritt in eine Hochschule f\u00fcr Musik.<\/p>\n\n\n\n<p>Eine Expertenkommission \u2013 Commission Jeunes Talents Musique \u2013 bewertet diese talentierten jungen Musiker und vergibt ihnen ein Jeunes Talents Musique-Stipendium in Form einer finanziellen Unterst\u00fctzung, die je nach ihrem Niveau festgelegt wird.<\/p>\n\n\n\n<h3 class=\"wp-block-heading\" id=\"formulaire\"><strong>Koordinationsdienst<\/strong><\/h3>\n\n\n\n<p>Der Kanton Wallis hat den Kulturdienst (SC) als Koordinationsdienst f\u00fcr die Umsetzung des Programms bestimmt und als Ansprechpartner des Bundesamts f\u00fcr Kultur (BAK) f\u00fcr die Programmumsetzung.<\/p>\n\n\n\n<p>Der Kanton Wallis hat die Association des \u00c9coles de Musique du Valais (AEM-VS) als Koordinationsorgan des Programms bestimmt.<\/p>\n\n\n\n<div style=\"height:30px\" aria-hidden=\"true\" class=\"wp-block-spacer\"><\/div>\n\n\n\n<div style=\"height:50px\" aria-hidden=\"true\" class=\"wp-block-spacer\"><\/div>\n\n\n\n<div class=\"wp-block-group alignwide is-layout-flex wp-container-core-group-is-layout-51a19fab wp-block-group-is-layout-flex\" style=\"margin-top:0;margin-bottom:0;padding-right:var(--wp--preset--spacing--80);padding-left:var(--wp--preset--spacing--80)\">\n<div class=\"wp-block-buttons is-layout-flex wp-block-buttons-is-layout-flex\">\n<div class=\"wp-block-button bouton1\"><a class=\"wp-block-button__link wp-element-button\" href=\"https:\/\/aem-vms-vs.ch\/wp-content\/uploads\/2025\/09\/Liste-Bourses-Stipendium-JTM-Vs-2025.pdf\" style=\"padding-right:var(--wp--preset--spacing--40);padding-left:var(--wp--preset--spacing--40);box-shadow:var(--wp--preset--shadow--natural)\">Stipendium JTM-VS 2025.<\/a><\/div>\n\n\n\n<div class=\"wp-block-button bouton1\"><a class=\"wp-block-button__link wp-element-button\" href=\"https:\/\/aem-vms-vs.ch\/wp-content\/uploads\/2024\/03\/1.-Reglement-dorganisation-Commission-JTM-Vs_12.03.2024.pdf\">Reglement der Kommissio<\/a><\/div>\n\n\n\n<div class=\"wp-block-button bouton1\"><a class=\"wp-block-button__link wp-element-button\" href=\"https:\/\/aem-vms-vs.ch\/wp-content\/uploads\/2025\/09\/Flyer-AEM-FR-end-1.pdf\" style=\"border-top-left-radius:100px;border-top-right-radius:100px;border-bottom-left-radius:100px;border-bottom-right-radius:100px;padding-right:var(--wp--preset--spacing--50);padding-left:var(--wp--preset--spacing--50)\">  Flyer 2025  <\/a><\/div>\n\n\n\n<div class=\"wp-block-button bouton1\"><a class=\"wp-block-button__link wp-element-button\" href=\"https:\/\/aem-vms-vs.ch\/wp-content\/uploads\/2024\/03\/3.-Programme-Jeunes-Talents-Musique-Valais_12.03.2024.pdf\" style=\"padding-right:var(--wp--preset--spacing--40);padding-left:var(--wp--preset--spacing--40)\">Programmbeschreibung<\/a><\/div>\n<\/div>\n\n\n\n<div class=\"wp-block-buttons is-layout-flex wp-block-buttons-is-layout-flex\"><\/div>\n\n\n\n<div class=\"wp-block-buttons is-layout-flex wp-block-buttons-is-layout-flex\"><\/div>\n\n\n\n<div class=\"wp-block-buttons is-layout-flex wp-block-buttons-is-layout-flex\"><\/div>\n<\/div>\n\n\n\n<div style=\"height:50px\" aria-hidden=\"true\" class=\"wp-block-spacer\"><\/div>\n\n\n\n<p><\/p>","protected":false},"excerpt":{"rendered":"<p>\u00c0 propos de l\u2019\u00e9v\u00e8nement Le Concours Jeunes Talents Musique est un \u00e9v\u00e9nement annuel organis\u00e9 par l\u2019Association des \u00c9coles de Musique Valaisannes (AEM-VS). Il a pour objectif de soutenir, encourager et valoriser les jeunes musiciennes et musiciens du canton en leur offrant une sc\u00e8ne d\u2019expression et de reconnaissance. Ouvert \u00e0 une grande diversit\u00e9 de styles musicaux [&hellip;]<\/p>\n","protected":false},"author":1,"featured_media":0,"parent":0,"menu_order":0,"comment_status":"closed","ping_status":"closed","template":"","meta":{"footnotes":""},"class_list":["post-118","page","type-page","status-publish","hentry"],"yoast_head":"<!-- This site is optimized with the Yoast SEO plugin v27.5 - https:\/\/yoast.com\/product\/yoast-seo-wordpress\/ -->\n<title>Jeunes Talents Musiques - AEM-WMS<\/title>\n<meta name=\"description\" content=\"D\u00e9couvrez les jeunes talents de la musique accompagn\u00e9s par l\u2019AEMVS : parcours, projets, concerts et actualit\u00e9s pour soutenir l\u2019\u00e9mergence de nouveaux artistes et vivre la musique de demain.\" \/>\n<meta name=\"robots\" content=\"index, follow, max-snippet:-1, max-image-preview:large, max-video-preview:-1\" \/>\n<link rel=\"canonical\" href=\"https:\/\/escila.ch\/remi\/de\/jeunes-talents-musiques\/\" \/>\n<meta property=\"og:locale\" content=\"de_DE\" \/>\n<meta property=\"og:type\" content=\"article\" \/>\n<meta property=\"og:title\" content=\"Jeunes Talents Musiques - AEM-WMS\" \/>\n<meta property=\"og:description\" content=\"D\u00e9couvrez les jeunes talents de la musique accompagn\u00e9s par l\u2019AEMVS : parcours, projets, concerts et actualit\u00e9s pour soutenir l\u2019\u00e9mergence de nouveaux artistes et vivre la musique de demain.\" \/>\n<meta property=\"og:url\" content=\"https:\/\/escila.ch\/remi\/de\/jeunes-talents-musiques\/\" \/>\n<meta property=\"og:site_name\" content=\"AEM-WMS\" \/>\n<meta property=\"article:modified_time\" content=\"2026-05-07T09:10:41+00:00\" \/>\n<meta property=\"og:image\" content=\"https:\/\/escila.ch\/remi\/wp-content\/uploads\/2026\/02\/Photo-6.jpg\" \/>\n\t<meta property=\"og:image:width\" content=\"2048\" \/>\n\t<meta property=\"og:image:height\" content=\"1150\" \/>\n\t<meta property=\"og:image:type\" content=\"image\/jpeg\" \/>\n<meta name=\"twitter:card\" content=\"summary_large_image\" \/>\n<meta name=\"twitter:label1\" content=\"Gesch\u00e4tzte Lesezeit\" \/>\n\t<meta name=\"twitter:data1\" content=\"4\u00a0Minuten\" \/>\n<script type=\"application\/ld+json\" class=\"yoast-schema-graph\">{\"@context\":\"https:\\\/\\\/schema.org\",\"@graph\":[{\"@type\":\"WebPage\",\"@id\":\"https:\\\/\\\/escila.ch\\\/remi\\\/jeunes-talents-musiques\\\/\",\"url\":\"https:\\\/\\\/escila.ch\\\/remi\\\/jeunes-talents-musiques\\\/\",\"name\":\"Jeunes Talents Musiques - AEM-WMS\",\"isPartOf\":{\"@id\":\"https:\\\/\\\/escila.ch\\\/remi\\\/#website\"},\"primaryImageOfPage\":{\"@id\":\"https:\\\/\\\/escila.ch\\\/remi\\\/jeunes-talents-musiques\\\/#primaryimage\"},\"image\":{\"@id\":\"https:\\\/\\\/escila.ch\\\/remi\\\/jeunes-talents-musiques\\\/#primaryimage\"},\"thumbnailUrl\":\"https:\\\/\\\/escila.ch\\\/remi\\\/wp-content\\\/uploads\\\/2026\\\/02\\\/Photo-6-1024x575.jpg\",\"datePublished\":\"2026-02-04T12:08:24+00:00\",\"dateModified\":\"2026-05-07T09:10:41+00:00\",\"description\":\"D\u00e9couvrez les jeunes talents de la musique accompagn\u00e9s par l\u2019AEMVS : parcours, projets, concerts et actualit\u00e9s pour soutenir l\u2019\u00e9mergence de nouveaux artistes et vivre la musique de demain.\",\"breadcrumb\":{\"@id\":\"https:\\\/\\\/escila.ch\\\/remi\\\/jeunes-talents-musiques\\\/#breadcrumb\"},\"inLanguage\":\"de-CH\",\"potentialAction\":[{\"@type\":\"ReadAction\",\"target\":[\"https:\\\/\\\/escila.ch\\\/remi\\\/jeunes-talents-musiques\\\/\"]}]},{\"@type\":\"ImageObject\",\"inLanguage\":\"de-CH\",\"@id\":\"https:\\\/\\\/escila.ch\\\/remi\\\/jeunes-talents-musiques\\\/#primaryimage\",\"url\":\"https:\\\/\\\/escila.ch\\\/remi\\\/wp-content\\\/uploads\\\/2026\\\/02\\\/Photo-6-1024x575.jpg\",\"contentUrl\":\"https:\\\/\\\/escila.ch\\\/remi\\\/wp-content\\\/uploads\\\/2026\\\/02\\\/Photo-6-1024x575.jpg\"},{\"@type\":\"BreadcrumbList\",\"@id\":\"https:\\\/\\\/escila.ch\\\/remi\\\/jeunes-talents-musiques\\\/#breadcrumb\",\"itemListElement\":[{\"@type\":\"ListItem\",\"position\":1,\"name\":\"Accueil\",\"item\":\"https:\\\/\\\/escila.ch\\\/remi\\\/\"},{\"@type\":\"ListItem\",\"position\":2,\"name\":\"Jeunes Talents Musiques\"}]},{\"@type\":\"WebSite\",\"@id\":\"https:\\\/\\\/escila.ch\\\/remi\\\/#website\",\"url\":\"https:\\\/\\\/escila.ch\\\/remi\\\/\",\"name\":\"AEM-VMS-VS\",\"description\":\"Association des \u00e9coles de musique Valaisanne\",\"publisher\":{\"@id\":\"https:\\\/\\\/escila.ch\\\/remi\\\/#organization\"},\"potentialAction\":[{\"@type\":\"SearchAction\",\"target\":{\"@type\":\"EntryPoint\",\"urlTemplate\":\"https:\\\/\\\/escila.ch\\\/remi\\\/?s={search_term_string}\"},\"query-input\":{\"@type\":\"PropertyValueSpecification\",\"valueRequired\":true,\"valueName\":\"search_term_string\"}}],\"inLanguage\":\"de-CH\"},{\"@type\":\"Organization\",\"@id\":\"https:\\\/\\\/escila.ch\\\/remi\\\/#organization\",\"name\":\"Assocition des \u00c9coles de Musique Valaisanne\",\"url\":\"https:\\\/\\\/escila.ch\\\/remi\\\/\",\"logo\":{\"@type\":\"ImageObject\",\"inLanguage\":\"de-CH\",\"@id\":\"https:\\\/\\\/escila.ch\\\/remi\\\/#\\\/schema\\\/logo\\\/image\\\/\",\"url\":\"https:\\\/\\\/escila.ch\\\/remi\\\/wp-content\\\/uploads\\\/2026\\\/02\\\/sansbaseline-logo-aem-vs-sans-serif-1536x905-1-e1771341847815.png\",\"contentUrl\":\"https:\\\/\\\/escila.ch\\\/remi\\\/wp-content\\\/uploads\\\/2026\\\/02\\\/sansbaseline-logo-aem-vs-sans-serif-1536x905-1-e1771341847815.png\",\"width\":1385,\"height\":665,\"caption\":\"Assocition des \u00c9coles de Musique Valaisanne\"},\"image\":{\"@id\":\"https:\\\/\\\/escila.ch\\\/remi\\\/#\\\/schema\\\/logo\\\/image\\\/\"},\"sameAs\":[\"https:\\\/\\\/www.youtube.com\\\/@AEM-VMS-VS\"]}]}<\/script>\n<!-- \/ Yoast SEO plugin. -->","yoast_head_json":{"title":"Jeunes Talents Musiques - AEM-WMS","description":"D\u00e9couvrez les jeunes talents de la musique accompagn\u00e9s par l\u2019AEMVS : parcours, projets, concerts et actualit\u00e9s pour soutenir l\u2019\u00e9mergence de nouveaux artistes et vivre la musique de demain.","robots":{"index":"index","follow":"follow","max-snippet":"max-snippet:-1","max-image-preview":"max-image-preview:large","max-video-preview":"max-video-preview:-1"},"canonical":"https:\/\/escila.ch\/remi\/de\/jeunes-talents-musiques\/","og_locale":"de_DE","og_type":"article","og_title":"Jeunes Talents Musiques - AEM-WMS","og_description":"D\u00e9couvrez les jeunes talents de la musique accompagn\u00e9s par l\u2019AEMVS : parcours, projets, concerts et actualit\u00e9s pour soutenir l\u2019\u00e9mergence de nouveaux artistes et vivre la musique de demain.","og_url":"https:\/\/escila.ch\/remi\/de\/jeunes-talents-musiques\/","og_site_name":"AEM-WMS","article_modified_time":"2026-05-07T09:10:41+00:00","og_image":[{"width":2048,"height":1150,"url":"https:\/\/escila.ch\/remi\/wp-content\/uploads\/2026\/02\/Photo-6.jpg","type":"image\/jpeg"}],"twitter_card":"summary_large_image","twitter_misc":{"Gesch\u00e4tzte Lesezeit":"4\u00a0Minuten"},"schema":{"@context":"https:\/\/schema.org","@graph":[{"@type":"WebPage","@id":"https:\/\/escila.ch\/remi\/jeunes-talents-musiques\/","url":"https:\/\/escila.ch\/remi\/jeunes-talents-musiques\/","name":"Jeunes Talents Musiques - AEM-WMS","isPartOf":{"@id":"https:\/\/escila.ch\/remi\/#website"},"primaryImageOfPage":{"@id":"https:\/\/escila.ch\/remi\/jeunes-talents-musiques\/#primaryimage"},"image":{"@id":"https:\/\/escila.ch\/remi\/jeunes-talents-musiques\/#primaryimage"},"thumbnailUrl":"https:\/\/escila.ch\/remi\/wp-content\/uploads\/2026\/02\/Photo-6-1024x575.jpg","datePublished":"2026-02-04T12:08:24+00:00","dateModified":"2026-05-07T09:10:41+00:00","description":"D\u00e9couvrez les jeunes talents de la musique accompagn\u00e9s par l\u2019AEMVS : parcours, projets, concerts et actualit\u00e9s pour soutenir l\u2019\u00e9mergence de nouveaux artistes et vivre la musique de demain.","breadcrumb":{"@id":"https:\/\/escila.ch\/remi\/jeunes-talents-musiques\/#breadcrumb"},"inLanguage":"de-CH","potentialAction":[{"@type":"ReadAction","target":["https:\/\/escila.ch\/remi\/jeunes-talents-musiques\/"]}]},{"@type":"ImageObject","inLanguage":"de-CH","@id":"https:\/\/escila.ch\/remi\/jeunes-talents-musiques\/#primaryimage","url":"https:\/\/escila.ch\/remi\/wp-content\/uploads\/2026\/02\/Photo-6-1024x575.jpg","contentUrl":"https:\/\/escila.ch\/remi\/wp-content\/uploads\/2026\/02\/Photo-6-1024x575.jpg"},{"@type":"BreadcrumbList","@id":"https:\/\/escila.ch\/remi\/jeunes-talents-musiques\/#breadcrumb","itemListElement":[{"@type":"ListItem","position":1,"name":"Accueil","item":"https:\/\/escila.ch\/remi\/"},{"@type":"ListItem","position":2,"name":"Jeunes Talents Musiques"}]},{"@type":"WebSite","@id":"https:\/\/escila.ch\/remi\/#website","url":"https:\/\/escila.ch\/remi\/","name":"AEM-VMS-VS","description":"Association des \u00e9coles de musique Valaisanne","publisher":{"@id":"https:\/\/escila.ch\/remi\/#organization"},"potentialAction":[{"@type":"SearchAction","target":{"@type":"EntryPoint","urlTemplate":"https:\/\/escila.ch\/remi\/?s={search_term_string}"},"query-input":{"@type":"PropertyValueSpecification","valueRequired":true,"valueName":"search_term_string"}}],"inLanguage":"de-CH"},{"@type":"Organization","@id":"https:\/\/escila.ch\/remi\/#organization","name":"Assocition des \u00c9coles de Musique Valaisanne","url":"https:\/\/escila.ch\/remi\/","logo":{"@type":"ImageObject","inLanguage":"de-CH","@id":"https:\/\/escila.ch\/remi\/#\/schema\/logo\/image\/","url":"https:\/\/escila.ch\/remi\/wp-content\/uploads\/2026\/02\/sansbaseline-logo-aem-vs-sans-serif-1536x905-1-e1771341847815.png","contentUrl":"https:\/\/escila.ch\/remi\/wp-content\/uploads\/2026\/02\/sansbaseline-logo-aem-vs-sans-serif-1536x905-1-e1771341847815.png","width":1385,"height":665,"caption":"Assocition des \u00c9coles de Musique Valaisanne"},"image":{"@id":"https:\/\/escila.ch\/remi\/#\/schema\/logo\/image\/"},"sameAs":["https:\/\/www.youtube.com\/@AEM-VMS-VS"]}]}},"_links":{"self":[{"href":"https:\/\/escila.ch\/remi\/de\/wp-json\/wp\/v2\/pages\/118","targetHints":{"allow":["GET"]}}],"collection":[{"href":"https:\/\/escila.ch\/remi\/de\/wp-json\/wp\/v2\/pages"}],"about":[{"href":"https:\/\/escila.ch\/remi\/de\/wp-json\/wp\/v2\/types\/page"}],"author":[{"embeddable":true,"href":"https:\/\/escila.ch\/remi\/de\/wp-json\/wp\/v2\/users\/1"}],"replies":[{"embeddable":true,"href":"https:\/\/escila.ch\/remi\/de\/wp-json\/wp\/v2\/comments?post=118"}],"version-history":[{"count":81,"href":"https:\/\/escila.ch\/remi\/de\/wp-json\/wp\/v2\/pages\/118\/revisions"}],"predecessor-version":[{"id":694,"href":"https:\/\/escila.ch\/remi\/de\/wp-json\/wp\/v2\/pages\/118\/revisions\/694"}],"wp:attachment":[{"href":"https:\/\/escila.ch\/remi\/de\/wp-json\/wp\/v2\/media?parent=118"}],"curies":[{"name":"wp","href":"https:\/\/api.w.org\/{rel}","templated":true}]}}